{"id":58378,"date":"2025-09-17T08:57:13","date_gmt":"2025-09-17T06:57:13","guid":{"rendered":"https:\/\/dev.maicrosoft.eu\/procourbe\/?page_id=58378"},"modified":"2025-09-17T08:59:18","modified_gmt":"2025-09-17T06:59:18","slug":"declaracion-de-accesibilidad","status":"publish","type":"page","link":"https:\/\/dev.maicrosoft.eu\/procourbe\/declaracion-de-accesibilidad\/","title":{"rendered":"Declaraci\u00f3n de accesibilidad"},"content":{"rendered":"\t\t<div data-elementor-type=\"wp-page\" data-elementor-id=\"58378\" class=\"elementor elementor-58378\">\n\t\t\t\t\t\t<section class=\"elementor-section elementor-top-section elementor-element elementor-element-5d36df0 elementor-section-boxed elementor-section-height-default elementor-section-height-default sc_fly_static\" data-id=\"5d36df0\" data-element_type=\"section\">\n\t\t\t\t\t\t<div class=\"elementor-container elementor-column-gap-extended\">\n\t\t\t\t\t<div class=\"elementor-column elementor-col-100 elementor-top-column elementor-element elementor-element-d19605d sc_content_align_inherit sc_layouts_column_icons_position_left sc_fly_static\" data-id=\"d19605d\" data-element_type=\"column\">\n\t\t\t<div class=\"elementor-widget-wrap elementor-element-populated\">\n\t\t\t\t\t\t<div class=\"elementor-element elementor-element-299da07 sc_height_huge sc_fly_static elementor-widget elementor-widget-spacer\" data-id=\"299da07\" data-element_type=\"widget\" data-widget_type=\"spacer.default\">\n\t\t\t\t<div class=\"elementor-widget-container\">\n\t\t\t\t\t\t\t<div class=\"elementor-spacer\">\n\t\t\t<div class=\"elementor-spacer-inner\"><\/div>\n\t\t<\/div>\n\t\t\t\t\t\t<\/div>\n\t\t\t\t<\/div>\n\t\t\t\t\t<\/div>\n\t\t<\/div>\n\t\t\t\t\t<\/div>\n\t\t<\/section>\n\t\t\t\t<section class=\"elementor-section elementor-top-section elementor-element elementor-element-8f058c2 elementor-section-boxed elementor-section-height-default elementor-section-height-default sc_fly_static\" data-id=\"8f058c2\" data-element_type=\"section\">\n\t\t\t\t\t\t<div class=\"elementor-container elementor-column-gap-extended\">\n\t\t\t\t\t<div class=\"elementor-column elementor-col-100 elementor-top-column elementor-element elementor-element-890b84b sc_content_align_inherit sc_layouts_column_icons_position_left sc_fly_static\" data-id=\"890b84b\" data-element_type=\"column\">\n\t\t\t<div class=\"elementor-widget-wrap elementor-element-populated\">\n\t\t\t\t\t\t<div class=\"elementor-element elementor-element-3d14138 sc_fly_static elementor-widget elementor-widget-heading\" data-id=\"3d14138\" data-element_type=\"widget\" data-widget_type=\"heading.default\">\n\t\t\t\t<div class=\"elementor-widget-container\">\n\t\t\t\t\t<h1 class=\"elementor-heading-title elementor-size-default\">DECLARACI\u00d3N DE ACCESIBILIDAD<\/h1>\t\t\t\t<\/div>\n\t\t\t\t<\/div>\n\t\t\t\t<div class=\"elementor-element elementor-element-639a975 sc_fly_static elementor-widget elementor-widget-heading\" data-id=\"639a975\" data-element_type=\"widget\" data-widget_type=\"heading.default\">\n\t\t\t\t<div class=\"elementor-widget-container\">\n\t\t\t\t\t<h2 class=\"elementor-heading-title elementor-size-default\">Nuestro compromiso con la accesibilidad<\/h2>\t\t\t\t<\/div>\n\t\t\t\t<\/div>\n\t\t\t\t<div class=\"elementor-element elementor-element-34b25c3 sc_fly_static elementor-widget elementor-widget-text-editor\" data-id=\"34b25c3\" data-element_type=\"widget\" data-widget_type=\"text-editor.default\">\n\t\t\t\t<div class=\"elementor-widget-container\">\n\t\t\t\t\t\t\t\t\t<p>Nos comprometemos a hacer que nuestro sitio web sea accesible y f\u00e1cil de usar para la audiencia m\u00e1s amplia posible, independientemente de su capacidad. Aportamos tiempo, nuestra experiencia y creatividad para acelerar la accesibilidad.<\/p><p>Nuestro sitio web cumple con las Directrices de accesibilidad al contenido web del World Wide Web Consortium (W3C). Nos ayuda a garantizar que el sitio web sea accesible para personas ciegas, personas con discapacidades cognitivas, discapacidad visual y m\u00e1s. Hemos utilizado una interfaz de accesibilidad que permite a los visitantes con discapacidades espec\u00edficas ajustar la interfaz de usuario y el dise\u00f1o del sitio web seg\u00fan sus preferencias.<\/p><p>Estamos considerando la accesibilidad como un esfuerzo continuo. Participamos activamente en la realizaci\u00f3n peri\u00f3dica de auditor\u00edas, evaluaciones y pruebas de sitios web para garantizar que nuestras propiedades web cumplan o superen los est\u00e1ndares de accesibilidad.\u00a0<\/p>\t\t\t\t\t\t\t\t<\/div>\n\t\t\t\t<\/div>\n\t\t\t\t<div class=\"elementor-element elementor-element-3b55165 sc_fly_static elementor-widget elementor-widget-heading\" data-id=\"3b55165\" data-element_type=\"widget\" data-widget_type=\"heading.default\">\n\t\t\t\t<div class=\"elementor-widget-container\">\n\t\t\t\t\t<h2 class=\"elementor-heading-title elementor-size-default\">\u00bfComentarios o preguntas?<\/h2>\t\t\t\t<\/div>\n\t\t\t\t<\/div>\n\t\t\t\t<div class=\"elementor-element elementor-element-4aaa298 sc_fly_static elementor-widget elementor-widget-text-editor\" data-id=\"4aaa298\" data-element_type=\"widget\" data-widget_type=\"text-editor.default\">\n\t\t\t\t<div class=\"elementor-widget-container\">\n\t\t\t\t\t\t\t\t\t<p>Independientemente de nuestros mejores esfuerzos para permitir que cualquier persona ajuste el sitio web a sus necesidades, todav\u00eda puede haber p\u00e1ginas o secciones que no son completamente accesibles, est\u00e1n en proceso de hacerlo o carecen de una soluci\u00f3n tecnol\u00f3gica competente para hacerlo accesible. Todav\u00eda estamos mejorando nuestro widget de accesibilidad, agregando funciones y actualizando sus opciones, y desarrollando nuevas tecnolog\u00edas. Si desea ponerse en contacto con el propietario del sitio web, utilice el formulario del sitio web.\u00a0<\/p>\t\t\t\t\t\t\t\t<\/div>\n\t\t\t\t<\/div>\n\t\t\t\t<div class=\"elementor-element elementor-element-d3e42d7 sc_fly_static elementor-widget elementor-widget-heading\" data-id=\"d3e42d7\" data-element_type=\"widget\" data-widget_type=\"heading.default\">\n\t\t\t\t<div class=\"elementor-widget-container\">\n\t\t\t\t\t<h2 class=\"elementor-heading-title elementor-size-default\">\u00bfC\u00f3mo hacer uso de la accesibilidad?<\/h2>\t\t\t\t<\/div>\n\t\t\t\t<\/div>\n\t\t\t\t<div class=\"elementor-element elementor-element-1f37911 sc_fly_static elementor-widget elementor-widget-text-editor\" data-id=\"1f37911\" data-element_type=\"widget\" data-widget_type=\"text-editor.default\">\n\t\t\t\t<div class=\"elementor-widget-container\">\n\t\t\t\t\t\t\t\t\t<p>Para acceder a las preferencias de accesibilidad, debes hacer click en el bot\u00f3n de nuestro m\u00f3dulo que encontrar\u00e1s a la izquierda. Al hacerlo se abrir\u00e1 un PopUp con todas las configuraciones de accesibilidad disponibles.\u00a0<\/p>\t\t\t\t\t\t\t\t<\/div>\n\t\t\t\t<\/div>\n\t\t\t\t<div class=\"elementor-element elementor-element-ca9c219 sc_height_huge sc_fly_static elementor-widget elementor-widget-spacer\" data-id=\"ca9c219\" data-element_type=\"widget\" data-widget_type=\"spacer.default\">\n\t\t\t\t<div class=\"elementor-widget-container\">\n\t\t\t\t\t\t\t<div class=\"elementor-spacer\">\n\t\t\t<div class=\"elementor-spacer-inner\"><\/div>\n\t\t<\/div>\n\t\t\t\t\t\t<\/div>\n\t\t\t\t<\/div>\n\t\t\t\t\t<\/div>\n\t\t<\/div>\n\t\t\t\t\t<\/div>\n\t\t<\/section>\n\t\t\t\t<section class=\"elementor-section elementor-top-section elementor-element elementor-element-9df89a3 elementor-section-boxed elementor-section-height-default elementor-section-height-default sc_fly_static\" data-id=\"9df89a3\" data-element_type=\"section\">\n\t\t\t\t\t\t<div class=\"elementor-container elementor-column-gap-extended\">\n\t\t\t\t\t<div class=\"elementor-column elementor-col-100 elementor-top-column elementor-element elementor-element-b3a610d sc_content_align_inherit sc_layouts_column_icons_position_left sc_fly_static\" data-id=\"b3a610d\" data-element_type=\"column\">\n\t\t\t<div class=\"elementor-widget-wrap elementor-element-populated\">\n\t\t\t\t\t\t<div class=\"elementor-element elementor-element-68364d4 sc_fly_static elementor-widget elementor-widget-spacer\" data-id=\"68364d4\" data-element_type=\"widget\" data-widget_type=\"spacer.default\">\n\t\t\t\t<div class=\"elementor-widget-container\">\n\t\t\t\t\t\t\t<div class=\"elementor-spacer\">\n\t\t\t<div class=\"elementor-spacer-inner\"><\/div>\n\t\t<\/div>\n\t\t\t\t\t\t<\/div>\n\t\t\t\t<\/div>\n\t\t\t\t\t<\/div>\n\t\t<\/div>\n\t\t\t\t\t<\/div>\n\t\t<\/section>\n\t\t\t\t<\/div>\n\t\t","protected":false},"excerpt":{"rendered":"<p>DECLARACI\u00d3N DE ACCESIBILIDAD Nuestro compromiso con la accesibilidad Nos comprometemos a hacer que nuestro sitio web sea accesible y f\u00e1cil de usar para la audiencia m\u00e1s amplia posible, independientemente de&hellip;<\/p>\n","protected":false},"author":1,"featured_media":0,"parent":0,"menu_order":0,"comment_status":"closed","ping_status":"closed","template":"","meta":{"footnotes":""},"class_list":["post-58378","page","type-page","status-publish","hentry"],"yoast_head":"<!-- This site is optimized with the Yoast SEO plugin v25.8 - https:\/\/yoast.com\/wordpress\/plugins\/seo\/ -->\n<title>Declaraci\u00f3n de accesibilidad - Procourbe<\/title>\n<meta name=\"robots\" content=\"noindex, follow, max-snippet:-1, max-image-preview:large, max-video-preview:-1\" \/>\n<meta property=\"og:locale\" content=\"es_ES\" \/>\n<meta property=\"og:type\" content=\"article\" \/>\n<meta property=\"og:title\" content=\"Declaraci\u00f3n de accesibilidad - Procourbe\" \/>\n<meta property=\"og:description\" content=\"DECLARACI\u00d3N DE ACCESIBILIDAD Nuestro compromiso con la accesibilidad Nos comprometemos a hacer que nuestro sitio web sea accesible y f\u00e1cil de usar para la audiencia m\u00e1s amplia posible, independientemente de&hellip;\" \/>\n<meta property=\"og:url\" content=\"https:\/\/dev.maicrosoft.eu\/procourbe\/declaracion-de-accesibilidad\/\" \/>\n<meta property=\"og:site_name\" content=\"Procourbe\" \/>\n<meta property=\"article:modified_time\" content=\"2025-09-17T06:59:18+00:00\" \/>\n<meta name=\"twitter:card\" content=\"summary_large_image\" \/>\n<meta name=\"twitter:label1\" content=\"Tiempo de lectura\" \/>\n\t<meta name=\"twitter:data1\" content=\"2 minutos\" \/>\n<script type=\"application\/ld+json\" class=\"yoast-schema-graph\">{\"@context\":\"https:\/\/schema.org\",\"@graph\":[{\"@type\":\"WebPage\",\"@id\":\"https:\/\/dev.maicrosoft.eu\/procourbe\/declaracion-de-accesibilidad\/\",\"url\":\"https:\/\/dev.maicrosoft.eu\/procourbe\/declaracion-de-accesibilidad\/\",\"name\":\"Declaraci\u00f3n de accesibilidad - Procourbe\",\"isPartOf\":{\"@id\":\"https:\/\/dev.maicrosoft.eu\/procourbe\/#website\"},\"datePublished\":\"2025-09-17T06:57:13+00:00\",\"dateModified\":\"2025-09-17T06:59:18+00:00\",\"breadcrumb\":{\"@id\":\"https:\/\/dev.maicrosoft.eu\/procourbe\/declaracion-de-accesibilidad\/#breadcrumb\"},\"inLanguage\":\"es\",\"potentialAction\":[{\"@type\":\"ReadAction\",\"target\":[\"https:\/\/dev.maicrosoft.eu\/procourbe\/declaracion-de-accesibilidad\/\"]}]},{\"@type\":\"BreadcrumbList\",\"@id\":\"https:\/\/dev.maicrosoft.eu\/procourbe\/declaracion-de-accesibilidad\/#breadcrumb\",\"itemListElement\":[{\"@type\":\"ListItem\",\"position\":1,\"name\":\"Portada\",\"item\":\"https:\/\/dev.maicrosoft.eu\/procourbe\/\"},{\"@type\":\"ListItem\",\"position\":2,\"name\":\"Declaraci\u00f3n de accesibilidad\"}]},{\"@type\":\"WebSite\",\"@id\":\"https:\/\/dev.maicrosoft.eu\/procourbe\/#website\",\"url\":\"https:\/\/dev.maicrosoft.eu\/procourbe\/\",\"name\":\"Procourbe\",\"description\":\"\",\"publisher\":{\"@id\":\"https:\/\/dev.maicrosoft.eu\/procourbe\/#organization\"},\"potentialAction\":[{\"@type\":\"SearchAction\",\"target\":{\"@type\":\"EntryPoint\",\"urlTemplate\":\"https:\/\/dev.maicrosoft.eu\/procourbe\/?s={search_term_string}\"},\"query-input\":{\"@type\":\"PropertyValueSpecification\",\"valueRequired\":true,\"valueName\":\"search_term_string\"}}],\"inLanguage\":\"es\"},{\"@type\":\"Organization\",\"@id\":\"https:\/\/dev.maicrosoft.eu\/procourbe\/#organization\",\"name\":\"Procourbe\",\"url\":\"https:\/\/dev.maicrosoft.eu\/procourbe\/\",\"logo\":{\"@type\":\"ImageObject\",\"inLanguage\":\"es\",\"@id\":\"https:\/\/dev.maicrosoft.eu\/procourbe\/#\/schema\/logo\/image\/\",\"url\":\"https:\/\/dev.maicrosoft.eu\/procourbe\/wp-content\/uploads\/2025\/09\/Logo_procourbe.png\",\"contentUrl\":\"https:\/\/dev.maicrosoft.eu\/procourbe\/wp-content\/uploads\/2025\/09\/Logo_procourbe.png\",\"width\":281,\"height\":97,\"caption\":\"Procourbe\"},\"image\":{\"@id\":\"https:\/\/dev.maicrosoft.eu\/procourbe\/#\/schema\/logo\/image\/\"}}]}<\/script>\n<!-- \/ Yoast SEO plugin. -->","yoast_head_json":{"title":"Declaraci\u00f3n de accesibilidad - Procourbe","robots":{"index":"noindex","follow":"follow","max-snippet":"max-snippet:-1","max-image-preview":"max-image-preview:large","max-video-preview":"max-video-preview:-1"},"og_locale":"es_ES","og_type":"article","og_title":"Declaraci\u00f3n de accesibilidad - Procourbe","og_description":"DECLARACI\u00d3N DE ACCESIBILIDAD Nuestro compromiso con la accesibilidad Nos comprometemos a hacer que nuestro sitio web sea accesible y f\u00e1cil de usar para la audiencia m\u00e1s amplia posible, independientemente de&hellip;","og_url":"https:\/\/dev.maicrosoft.eu\/procourbe\/declaracion-de-accesibilidad\/","og_site_name":"Procourbe","article_modified_time":"2025-09-17T06:59:18+00:00","twitter_card":"summary_large_image","twitter_misc":{"Tiempo de lectura":"2 minutos"},"schema":{"@context":"https:\/\/schema.org","@graph":[{"@type":"WebPage","@id":"https:\/\/dev.maicrosoft.eu\/procourbe\/declaracion-de-accesibilidad\/","url":"https:\/\/dev.maicrosoft.eu\/procourbe\/declaracion-de-accesibilidad\/","name":"Declaraci\u00f3n de accesibilidad - Procourbe","isPartOf":{"@id":"https:\/\/dev.maicrosoft.eu\/procourbe\/#website"},"datePublished":"2025-09-17T06:57:13+00:00","dateModified":"2025-09-17T06:59:18+00:00","breadcrumb":{"@id":"https:\/\/dev.maicrosoft.eu\/procourbe\/declaracion-de-accesibilidad\/#breadcrumb"},"inLanguage":"es","potentialAction":[{"@type":"ReadAction","target":["https:\/\/dev.maicrosoft.eu\/procourbe\/declaracion-de-accesibilidad\/"]}]},{"@type":"BreadcrumbList","@id":"https:\/\/dev.maicrosoft.eu\/procourbe\/declaracion-de-accesibilidad\/#breadcrumb","itemListElement":[{"@type":"ListItem","position":1,"name":"Portada","item":"https:\/\/dev.maicrosoft.eu\/procourbe\/"},{"@type":"ListItem","position":2,"name":"Declaraci\u00f3n de accesibilidad"}]},{"@type":"WebSite","@id":"https:\/\/dev.maicrosoft.eu\/procourbe\/#website","url":"https:\/\/dev.maicrosoft.eu\/procourbe\/","name":"Procourbe","description":"","publisher":{"@id":"https:\/\/dev.maicrosoft.eu\/procourbe\/#organization"},"potentialAction":[{"@type":"SearchAction","target":{"@type":"EntryPoint","urlTemplate":"https:\/\/dev.maicrosoft.eu\/procourbe\/?s={search_term_string}"},"query-input":{"@type":"PropertyValueSpecification","valueRequired":true,"valueName":"search_term_string"}}],"inLanguage":"es"},{"@type":"Organization","@id":"https:\/\/dev.maicrosoft.eu\/procourbe\/#organization","name":"Procourbe","url":"https:\/\/dev.maicrosoft.eu\/procourbe\/","logo":{"@type":"ImageObject","inLanguage":"es","@id":"https:\/\/dev.maicrosoft.eu\/procourbe\/#\/schema\/logo\/image\/","url":"https:\/\/dev.maicrosoft.eu\/procourbe\/wp-content\/uploads\/2025\/09\/Logo_procourbe.png","contentUrl":"https:\/\/dev.maicrosoft.eu\/procourbe\/wp-content\/uploads\/2025\/09\/Logo_procourbe.png","width":281,"height":97,"caption":"Procourbe"},"image":{"@id":"https:\/\/dev.maicrosoft.eu\/procourbe\/#\/schema\/logo\/image\/"}}]}},"_links":{"self":[{"href":"https:\/\/dev.maicrosoft.eu\/procourbe\/wp-json\/wp\/v2\/pages\/58378","targetHints":{"allow":["GET"]}}],"collection":[{"href":"https:\/\/dev.maicrosoft.eu\/procourbe\/wp-json\/wp\/v2\/pages"}],"about":[{"href":"https:\/\/dev.maicrosoft.eu\/procourbe\/wp-json\/wp\/v2\/types\/page"}],"author":[{"embeddable":true,"href":"https:\/\/dev.maicrosoft.eu\/procourbe\/wp-json\/wp\/v2\/users\/1"}],"replies":[{"embeddable":true,"href":"https:\/\/dev.maicrosoft.eu\/procourbe\/wp-json\/wp\/v2\/comments?post=58378"}],"version-history":[{"count":7,"href":"https:\/\/dev.maicrosoft.eu\/procourbe\/wp-json\/wp\/v2\/pages\/58378\/revisions"}],"predecessor-version":[{"id":58385,"href":"https:\/\/dev.maicrosoft.eu\/procourbe\/wp-json\/wp\/v2\/pages\/58378\/revisions\/58385"}],"wp:attachment":[{"href":"https:\/\/dev.maicrosoft.eu\/procourbe\/wp-json\/wp\/v2\/media?parent=58378"}],"curies":[{"name":"wp","href":"https:\/\/api.w.org\/{rel}","templated":true}]}}