{"id":58148,"date":"2025-09-15T09:40:39","date_gmt":"2025-09-15T07:40:39","guid":{"rendered":"https:\/\/dev.maicrosoft.eu\/procourbe\/?page_id=58148"},"modified":"2025-09-15T09:41:16","modified_gmt":"2025-09-15T07:41:16","slug":"terminos-y-condiciones-generales","status":"publish","type":"page","link":"https:\/\/dev.maicrosoft.eu\/procourbe\/terminos-y-condiciones-generales\/","title":{"rendered":"T\u00e9rminos y condiciones generales"},"content":{"rendered":"\t\t<div data-elementor-type=\"wp-page\" data-elementor-id=\"58148\" class=\"elementor elementor-58148\">\n\t\t\t\t\t\t<section class=\"elementor-section elementor-top-section elementor-element elementor-element-5d36df0 elementor-section-boxed elementor-section-height-default elementor-section-height-default sc_fly_static\" data-id=\"5d36df0\" data-element_type=\"section\">\n\t\t\t\t\t\t<div class=\"elementor-container elementor-column-gap-extended\">\n\t\t\t\t\t<div class=\"elementor-column elementor-col-100 elementor-top-column elementor-element elementor-element-d19605d sc_content_align_inherit sc_layouts_column_icons_position_left sc_fly_static\" data-id=\"d19605d\" data-element_type=\"column\">\n\t\t\t<div class=\"elementor-widget-wrap elementor-element-populated\">\n\t\t\t\t\t\t<div class=\"elementor-element elementor-element-299da07 sc_height_huge sc_fly_static elementor-widget elementor-widget-spacer\" data-id=\"299da07\" data-element_type=\"widget\" data-widget_type=\"spacer.default\">\n\t\t\t\t<div class=\"elementor-widget-container\">\n\t\t\t\t\t\t\t<div class=\"elementor-spacer\">\n\t\t\t<div class=\"elementor-spacer-inner\"><\/div>\n\t\t<\/div>\n\t\t\t\t\t\t<\/div>\n\t\t\t\t<\/div>\n\t\t\t\t\t<\/div>\n\t\t<\/div>\n\t\t\t\t\t<\/div>\n\t\t<\/section>\n\t\t\t\t<section class=\"elementor-section elementor-top-section elementor-element elementor-element-8f058c2 elementor-section-boxed elementor-section-height-default elementor-section-height-default sc_fly_static\" data-id=\"8f058c2\" data-element_type=\"section\">\n\t\t\t\t\t\t<div class=\"elementor-container elementor-column-gap-extended\">\n\t\t\t\t\t<div class=\"elementor-column elementor-col-100 elementor-top-column elementor-element elementor-element-890b84b sc_content_align_inherit sc_layouts_column_icons_position_left sc_fly_static\" data-id=\"890b84b\" data-element_type=\"column\">\n\t\t\t<div class=\"elementor-widget-wrap elementor-element-populated\">\n\t\t\t\t\t\t<div class=\"elementor-element elementor-element-34b25c3 sc_fly_static elementor-widget elementor-widget-text-editor\" data-id=\"34b25c3\" data-element_type=\"widget\" data-widget_type=\"text-editor.default\">\n\t\t\t\t<div class=\"elementor-widget-container\">\n\t\t\t\t\t\t\t\t\t<p>De conformidad con lo establecido en el REGLAMENTO (UE) 2016\/679 de protecci\u00f3n de datos de car\u00e1cter personal, le informamos que los datos que usted nos facilite ser\u00e1n incorporados al sistema de tratamiento titularidad de\u00a0<strong>Consultor\u00eda Protecci\u00f3n de Datos PROCOURBE S.L.,<\/strong>\u00a0CIF\u00a0B-30.385.058\u00a0y domicilio social sito en CALLE MOLINA DE SEGURA N\u00ba 5, COMPLEJO EMPRESARIAL GRAN NELVA, BLOQUE 1, 3\u00ba C 30.007 MURCIA, con la finalidad de poder enviarle informaci\u00f3n sobre nuestros servicios. Los datos recabados por este formulario no se ceder\u00e1n a terceros salvo por obligaci\u00f3n legal.<\/p><p>Se proceder\u00e1 a tratar los datos de manera l\u00edcita, leal, transparente, adecuada, pertinente, limitada, exacta y actualizada. Mientras no nos comunique lo contrario, entenderemos que sus datos no han sido modificados y que usted se compromete a notificarnos cualquier variaci\u00f3n. En caso de que fuera necesario comunicar sus datos a otros destinatarios, puede consultar m\u00e1s informaci\u00f3n en la pol\u00edtica de privacidad disponible en la web.<\/p><p>De acuerdo con los derechos que le confiere la normativa vigente podr\u00e1 ejercer sus derechos de acceso, rectificaci\u00f3n, limitaci\u00f3n de tratamiento, supresi\u00f3n, portabilidad y oposici\u00f3n al tratamiento de sus datos de car\u00e1cter personal, as\u00ed como revocar el consentimiento prestado, dirigiendo su petici\u00f3n a la direcci\u00f3n postal indicada o al correo electr\u00f3nico <a href=\"mailto:procourbe@procourbe.com\">procourbe@procourbe.com<\/a><\/p><p>Igualmente podr\u00e1 dirigirse a la Agencia Espa\u00f1ola de Protecci\u00f3n de Datos www.aepd.es.\u00a0<\/p>\t\t\t\t\t\t\t\t<\/div>\n\t\t\t\t<\/div>\n\t\t\t\t<div class=\"elementor-element elementor-element-ca9c219 sc_height_huge sc_fly_static elementor-widget elementor-widget-spacer\" data-id=\"ca9c219\" data-element_type=\"widget\" data-widget_type=\"spacer.default\">\n\t\t\t\t<div class=\"elementor-widget-container\">\n\t\t\t\t\t\t\t<div class=\"elementor-spacer\">\n\t\t\t<div class=\"elementor-spacer-inner\"><\/div>\n\t\t<\/div>\n\t\t\t\t\t\t<\/div>\n\t\t\t\t<\/div>\n\t\t\t\t\t<\/div>\n\t\t<\/div>\n\t\t\t\t\t<\/div>\n\t\t<\/section>\n\t\t\t\t<section class=\"elementor-section elementor-top-section elementor-element elementor-element-9df89a3 elementor-section-boxed elementor-section-height-default elementor-section-height-default sc_fly_static\" data-id=\"9df89a3\" data-element_type=\"section\">\n\t\t\t\t\t\t<div class=\"elementor-container elementor-column-gap-extended\">\n\t\t\t\t\t<div class=\"elementor-column elementor-col-100 elementor-top-column elementor-element elementor-element-b3a610d sc_content_align_inherit sc_layouts_column_icons_position_left sc_fly_static\" data-id=\"b3a610d\" data-element_type=\"column\">\n\t\t\t<div class=\"elementor-widget-wrap elementor-element-populated\">\n\t\t\t\t\t\t<div class=\"elementor-element elementor-element-68364d4 sc_fly_static elementor-widget elementor-widget-spacer\" data-id=\"68364d4\" data-element_type=\"widget\" data-widget_type=\"spacer.default\">\n\t\t\t\t<div class=\"elementor-widget-container\">\n\t\t\t\t\t\t\t<div class=\"elementor-spacer\">\n\t\t\t<div class=\"elementor-spacer-inner\"><\/div>\n\t\t<\/div>\n\t\t\t\t\t\t<\/div>\n\t\t\t\t<\/div>\n\t\t\t\t\t<\/div>\n\t\t<\/div>\n\t\t\t\t\t<\/div>\n\t\t<\/section>\n\t\t\t\t<\/div>\n\t\t","protected":false},"excerpt":{"rendered":"<p>De conformidad con lo establecido en el REGLAMENTO (UE) 2016\/679 de protecci\u00f3n de datos de car\u00e1cter personal, le informamos que los datos que usted nos facilite ser\u00e1n incorporados al sistema&hellip;<\/p>\n","protected":false},"author":1,"featured_media":57978,"parent":0,"menu_order":0,"comment_status":"closed","ping_status":"closed","template":"","meta":{"footnotes":""},"class_list":["post-58148","page","type-page","status-publish","has-post-thumbnail","hentry"],"yoast_head":"<!-- This site is optimized with the Yoast SEO plugin v25.8 - https:\/\/yoast.com\/wordpress\/plugins\/seo\/ -->\n<title>T\u00e9rminos y condiciones generales - Procourbe<\/title>\n<meta name=\"robots\" content=\"noindex, follow, max-snippet:-1, max-image-preview:large, max-video-preview:-1\" \/>\n<meta property=\"og:locale\" content=\"es_ES\" \/>\n<meta property=\"og:type\" content=\"article\" \/>\n<meta property=\"og:title\" content=\"T\u00e9rminos y condiciones generales - Procourbe\" \/>\n<meta property=\"og:description\" content=\"De conformidad con lo establecido en el REGLAMENTO (UE) 2016\/679 de protecci\u00f3n de datos de car\u00e1cter personal, le informamos que los datos que usted nos facilite ser\u00e1n incorporados al sistema&hellip;\" \/>\n<meta property=\"og:url\" content=\"https:\/\/dev.maicrosoft.eu\/procourbe\/terminos-y-condiciones-generales\/\" \/>\n<meta property=\"og:site_name\" content=\"Procourbe\" \/>\n<meta property=\"article:modified_time\" content=\"2025-09-15T07:41:16+00:00\" \/>\n<meta property=\"og:image\" content=\"https:\/\/dev.maicrosoft.eu\/procourbe\/wp-content\/uploads\/2025\/09\/mayer-tawfik-48p7Msgwa84-unsplash-scaled.jpg\" \/>\n\t<meta property=\"og:image:width\" content=\"1707\" \/>\n\t<meta property=\"og:image:height\" content=\"2560\" \/>\n\t<meta property=\"og:image:type\" content=\"image\/jpeg\" \/>\n<meta name=\"twitter:card\" content=\"summary_large_image\" \/>\n<meta name=\"twitter:label1\" content=\"Tiempo de lectura\" \/>\n\t<meta name=\"twitter:data1\" content=\"1 minuto\" \/>\n<script type=\"application\/ld+json\" class=\"yoast-schema-graph\">{\"@context\":\"https:\/\/schema.org\",\"@graph\":[{\"@type\":\"WebPage\",\"@id\":\"https:\/\/dev.maicrosoft.eu\/procourbe\/terminos-y-condiciones-generales\/\",\"url\":\"https:\/\/dev.maicrosoft.eu\/procourbe\/terminos-y-condiciones-generales\/\",\"name\":\"T\u00e9rminos y condiciones generales - Procourbe\",\"isPartOf\":{\"@id\":\"https:\/\/dev.maicrosoft.eu\/procourbe\/#website\"},\"primaryImageOfPage\":{\"@id\":\"https:\/\/dev.maicrosoft.eu\/procourbe\/terminos-y-condiciones-generales\/#primaryimage\"},\"image\":{\"@id\":\"https:\/\/dev.maicrosoft.eu\/procourbe\/terminos-y-condiciones-generales\/#primaryimage\"},\"thumbnailUrl\":\"https:\/\/dev.maicrosoft.eu\/procourbe\/wp-content\/uploads\/2025\/09\/mayer-tawfik-48p7Msgwa84-unsplash-scaled.jpg\",\"datePublished\":\"2025-09-15T07:40:39+00:00\",\"dateModified\":\"2025-09-15T07:41:16+00:00\",\"breadcrumb\":{\"@id\":\"https:\/\/dev.maicrosoft.eu\/procourbe\/terminos-y-condiciones-generales\/#breadcrumb\"},\"inLanguage\":\"es\",\"potentialAction\":[{\"@type\":\"ReadAction\",\"target\":[\"https:\/\/dev.maicrosoft.eu\/procourbe\/terminos-y-condiciones-generales\/\"]}]},{\"@type\":\"ImageObject\",\"inLanguage\":\"es\",\"@id\":\"https:\/\/dev.maicrosoft.eu\/procourbe\/terminos-y-condiciones-generales\/#primaryimage\",\"url\":\"https:\/\/dev.maicrosoft.eu\/procourbe\/wp-content\/uploads\/2025\/09\/mayer-tawfik-48p7Msgwa84-unsplash-scaled.jpg\",\"contentUrl\":\"https:\/\/dev.maicrosoft.eu\/procourbe\/wp-content\/uploads\/2025\/09\/mayer-tawfik-48p7Msgwa84-unsplash-scaled.jpg\",\"width\":1707,\"height\":2560,\"caption\":\"\\\"\\\"\"},{\"@type\":\"BreadcrumbList\",\"@id\":\"https:\/\/dev.maicrosoft.eu\/procourbe\/terminos-y-condiciones-generales\/#breadcrumb\",\"itemListElement\":[{\"@type\":\"ListItem\",\"position\":1,\"name\":\"Portada\",\"item\":\"https:\/\/dev.maicrosoft.eu\/procourbe\/\"},{\"@type\":\"ListItem\",\"position\":2,\"name\":\"T\u00e9rminos y condiciones generales\"}]},{\"@type\":\"WebSite\",\"@id\":\"https:\/\/dev.maicrosoft.eu\/procourbe\/#website\",\"url\":\"https:\/\/dev.maicrosoft.eu\/procourbe\/\",\"name\":\"Procourbe\",\"description\":\"\",\"publisher\":{\"@id\":\"https:\/\/dev.maicrosoft.eu\/procourbe\/#organization\"},\"potentialAction\":[{\"@type\":\"SearchAction\",\"target\":{\"@type\":\"EntryPoint\",\"urlTemplate\":\"https:\/\/dev.maicrosoft.eu\/procourbe\/?s={search_term_string}\"},\"query-input\":{\"@type\":\"PropertyValueSpecification\",\"valueRequired\":true,\"valueName\":\"search_term_string\"}}],\"inLanguage\":\"es\"},{\"@type\":\"Organization\",\"@id\":\"https:\/\/dev.maicrosoft.eu\/procourbe\/#organization\",\"name\":\"Procourbe\",\"url\":\"https:\/\/dev.maicrosoft.eu\/procourbe\/\",\"logo\":{\"@type\":\"ImageObject\",\"inLanguage\":\"es\",\"@id\":\"https:\/\/dev.maicrosoft.eu\/procourbe\/#\/schema\/logo\/image\/\",\"url\":\"https:\/\/dev.maicrosoft.eu\/procourbe\/wp-content\/uploads\/2025\/09\/Logo_procourbe.png\",\"contentUrl\":\"https:\/\/dev.maicrosoft.eu\/procourbe\/wp-content\/uploads\/2025\/09\/Logo_procourbe.png\",\"width\":281,\"height\":97,\"caption\":\"Procourbe\"},\"image\":{\"@id\":\"https:\/\/dev.maicrosoft.eu\/procourbe\/#\/schema\/logo\/image\/\"}}]}<\/script>\n<!-- \/ Yoast SEO plugin. -->","yoast_head_json":{"title":"T\u00e9rminos y condiciones generales - Procourbe","robots":{"index":"noindex","follow":"follow","max-snippet":"max-snippet:-1","max-image-preview":"max-image-preview:large","max-video-preview":"max-video-preview:-1"},"og_locale":"es_ES","og_type":"article","og_title":"T\u00e9rminos y condiciones generales - Procourbe","og_description":"De conformidad con lo establecido en el REGLAMENTO (UE) 2016\/679 de protecci\u00f3n de datos de car\u00e1cter personal, le informamos que los datos que usted nos facilite ser\u00e1n incorporados al sistema&hellip;","og_url":"https:\/\/dev.maicrosoft.eu\/procourbe\/terminos-y-condiciones-generales\/","og_site_name":"Procourbe","article_modified_time":"2025-09-15T07:41:16+00:00","og_image":[{"width":1707,"height":2560,"url":"https:\/\/dev.maicrosoft.eu\/procourbe\/wp-content\/uploads\/2025\/09\/mayer-tawfik-48p7Msgwa84-unsplash-scaled.jpg","type":"image\/jpeg"}],"twitter_card":"summary_large_image","twitter_misc":{"Tiempo de lectura":"1 minuto"},"schema":{"@context":"https:\/\/schema.org","@graph":[{"@type":"WebPage","@id":"https:\/\/dev.maicrosoft.eu\/procourbe\/terminos-y-condiciones-generales\/","url":"https:\/\/dev.maicrosoft.eu\/procourbe\/terminos-y-condiciones-generales\/","name":"T\u00e9rminos y condiciones generales - Procourbe","isPartOf":{"@id":"https:\/\/dev.maicrosoft.eu\/procourbe\/#website"},"primaryImageOfPage":{"@id":"https:\/\/dev.maicrosoft.eu\/procourbe\/terminos-y-condiciones-generales\/#primaryimage"},"image":{"@id":"https:\/\/dev.maicrosoft.eu\/procourbe\/terminos-y-condiciones-generales\/#primaryimage"},"thumbnailUrl":"https:\/\/dev.maicrosoft.eu\/procourbe\/wp-content\/uploads\/2025\/09\/mayer-tawfik-48p7Msgwa84-unsplash-scaled.jpg","datePublished":"2025-09-15T07:40:39+00:00","dateModified":"2025-09-15T07:41:16+00:00","breadcrumb":{"@id":"https:\/\/dev.maicrosoft.eu\/procourbe\/terminos-y-condiciones-generales\/#breadcrumb"},"inLanguage":"es","potentialAction":[{"@type":"ReadAction","target":["https:\/\/dev.maicrosoft.eu\/procourbe\/terminos-y-condiciones-generales\/"]}]},{"@type":"ImageObject","inLanguage":"es","@id":"https:\/\/dev.maicrosoft.eu\/procourbe\/terminos-y-condiciones-generales\/#primaryimage","url":"https:\/\/dev.maicrosoft.eu\/procourbe\/wp-content\/uploads\/2025\/09\/mayer-tawfik-48p7Msgwa84-unsplash-scaled.jpg","contentUrl":"https:\/\/dev.maicrosoft.eu\/procourbe\/wp-content\/uploads\/2025\/09\/mayer-tawfik-48p7Msgwa84-unsplash-scaled.jpg","width":1707,"height":2560,"caption":"\"\""},{"@type":"BreadcrumbList","@id":"https:\/\/dev.maicrosoft.eu\/procourbe\/terminos-y-condiciones-generales\/#breadcrumb","itemListElement":[{"@type":"ListItem","position":1,"name":"Portada","item":"https:\/\/dev.maicrosoft.eu\/procourbe\/"},{"@type":"ListItem","position":2,"name":"T\u00e9rminos y condiciones generales"}]},{"@type":"WebSite","@id":"https:\/\/dev.maicrosoft.eu\/procourbe\/#website","url":"https:\/\/dev.maicrosoft.eu\/procourbe\/","name":"Procourbe","description":"","publisher":{"@id":"https:\/\/dev.maicrosoft.eu\/procourbe\/#organization"},"potentialAction":[{"@type":"SearchAction","target":{"@type":"EntryPoint","urlTemplate":"https:\/\/dev.maicrosoft.eu\/procourbe\/?s={search_term_string}"},"query-input":{"@type":"PropertyValueSpecification","valueRequired":true,"valueName":"search_term_string"}}],"inLanguage":"es"},{"@type":"Organization","@id":"https:\/\/dev.maicrosoft.eu\/procourbe\/#organization","name":"Procourbe","url":"https:\/\/dev.maicrosoft.eu\/procourbe\/","logo":{"@type":"ImageObject","inLanguage":"es","@id":"https:\/\/dev.maicrosoft.eu\/procourbe\/#\/schema\/logo\/image\/","url":"https:\/\/dev.maicrosoft.eu\/procourbe\/wp-content\/uploads\/2025\/09\/Logo_procourbe.png","contentUrl":"https:\/\/dev.maicrosoft.eu\/procourbe\/wp-content\/uploads\/2025\/09\/Logo_procourbe.png","width":281,"height":97,"caption":"Procourbe"},"image":{"@id":"https:\/\/dev.maicrosoft.eu\/procourbe\/#\/schema\/logo\/image\/"}}]}},"_links":{"self":[{"href":"https:\/\/dev.maicrosoft.eu\/procourbe\/wp-json\/wp\/v2\/pages\/58148","targetHints":{"allow":["GET"]}}],"collection":[{"href":"https:\/\/dev.maicrosoft.eu\/procourbe\/wp-json\/wp\/v2\/pages"}],"about":[{"href":"https:\/\/dev.maicrosoft.eu\/procourbe\/wp-json\/wp\/v2\/types\/page"}],"author":[{"embeddable":true,"href":"https:\/\/dev.maicrosoft.eu\/procourbe\/wp-json\/wp\/v2\/users\/1"}],"replies":[{"embeddable":true,"href":"https:\/\/dev.maicrosoft.eu\/procourbe\/wp-json\/wp\/v2\/comments?post=58148"}],"version-history":[{"count":8,"href":"https:\/\/dev.maicrosoft.eu\/procourbe\/wp-json\/wp\/v2\/pages\/58148\/revisions"}],"predecessor-version":[{"id":58156,"href":"https:\/\/dev.maicrosoft.eu\/procourbe\/wp-json\/wp\/v2\/pages\/58148\/revisions\/58156"}],"wp:featuredmedia":[{"embeddable":true,"href":"https:\/\/dev.maicrosoft.eu\/procourbe\/wp-json\/wp\/v2\/media\/57978"}],"wp:attachment":[{"href":"https:\/\/dev.maicrosoft.eu\/procourbe\/wp-json\/wp\/v2\/media?parent=58148"}],"curies":[{"name":"wp","href":"https:\/\/api.w.org\/{rel}","templated":true}]}}