{"id":22964,"date":"2025-02-21T11:11:36","date_gmt":"2025-02-21T10:11:36","guid":{"rendered":"https:\/\/dev.maicrosoft.eu\/monteprincipe\/?page_id=22964"},"modified":"2025-02-21T14:09:38","modified_gmt":"2025-02-21T13:09:38","slug":"proteccion-de-datos","status":"publish","type":"page","link":"https:\/\/dev.maicrosoft.eu\/monteprincipe\/proteccion-de-datos\/","title":{"rendered":"Protecci\u00f3n de datos"},"content":{"rendered":"\t\t<div data-elementor-type=\"wp-page\" data-elementor-id=\"22964\" class=\"elementor elementor-22964\">\n\t\t\t\t\t\t<section class=\"elementor-section elementor-top-section elementor-element elementor-element-f3e57f2 elementor-section-boxed elementor-section-height-default elementor-section-height-default sc_fly_static\" data-id=\"f3e57f2\" data-element_type=\"section\">\n\t\t\t\t\t\t<div class=\"elementor-container elementor-column-gap-extended\">\n\t\t\t\t\t<div class=\"elementor-column elementor-col-100 elementor-top-column elementor-element elementor-element-3ba427e sc_content_align_inherit sc_layouts_column_icons_position_left sc_fly_static\" data-id=\"3ba427e\" data-element_type=\"column\">\n\t\t\t<div class=\"elementor-widget-wrap elementor-element-populated\">\n\t\t\t\t\t\t<div class=\"elementor-element elementor-element-322a21f sc_fly_static elementor-widget elementor-widget-heading\" data-id=\"322a21f\" data-element_type=\"widget\" data-widget_type=\"heading.default\">\n\t\t\t\t<div class=\"elementor-widget-container\">\n\t\t\t\t\t<h2 class=\"elementor-heading-title elementor-size-default\">COMPROMISO CON LA PROTECCI\u00d3N DE DATOS PERSONALES<\/h2>\t\t\t\t<\/div>\n\t\t\t\t<\/div>\n\t\t\t\t<div class=\"elementor-element elementor-element-03e2b81 elementor-view-default sc_fly_static elementor-widget elementor-widget-icon\" data-id=\"03e2b81\" data-element_type=\"widget\" data-widget_type=\"icon.default\">\n\t\t\t\t<div class=\"elementor-widget-container\">\n\t\t\t\t\t\t\t<div class=\"elementor-icon-wrapper\">\n\t\t\t<div class=\"elementor-icon\">\n\t\t\t<svg xmlns=\"http:\/\/www.w3.org\/2000\/svg\" width=\"14.626\" height=\"8.639\" viewBox=\"0 0 14.626 8.639\"><g id=\"down-arrow\" transform=\"translate(0 -112.698)\"><g id=\"&#x421;&#x433;&#x440;&#x443;&#x43F;&#x43F;&#x438;&#x440;&#x43E;&#x432;&#x430;&#x442;&#x44C;_8820\" data-name=\"&#x421;&#x433;&#x440;&#x443;&#x43F;&#x43F;&#x438;&#x440;&#x43E;&#x432;&#x430;&#x442;&#x44C; 8820\" transform=\"translate(0 100.698)\"><path id=\"&#x41A;&#x43E;&#x43D;&#x442;&#x443;&#x440;_6507\" data-name=\"&#x41A;&#x43E;&#x43D;&#x442;&#x443;&#x440; 6507\" d=\"M14.392,101.42l-.479-.482a.8.8,0,0,0-1.132,0L7.316,106.4l-5.472-5.472a.8.8,0,0,0-1.132,0l-.479.479a.8.8,0,0,0,0,1.131l6.515,6.538a.818.818,0,0,0,.567.257h0a.818.818,0,0,0,.566-.257l6.508-6.52a.808.808,0,0,0,.234-.571A.8.8,0,0,0,14.392,101.42Z\" transform=\"translate(0 -88.698)\"><\/path><\/g><\/g><\/svg>\t\t\t<\/div>\n\t\t<\/div>\n\t\t\t\t\t\t<\/div>\n\t\t\t\t<\/div>\n\t\t\t\t\t<\/div>\n\t\t<\/div>\n\t\t\t\t\t<\/div>\n\t\t<\/section>\n\t\t\t\t<section class=\"elementor-section elementor-top-section elementor-element elementor-element-38a0b5b elementor-section-boxed elementor-section-height-default elementor-section-height-default sc_fly_static\" data-id=\"38a0b5b\" data-element_type=\"section\">\n\t\t\t\t\t\t<div class=\"elementor-container elementor-column-gap-extended\">\n\t\t\t\t\t<div class=\"elementor-column elementor-col-100 elementor-top-column elementor-element elementor-element-b7438b2 sc_content_align_inherit sc_layouts_column_icons_position_left sc_fly_static\" data-id=\"b7438b2\" data-element_type=\"column\">\n\t\t\t<div class=\"elementor-widget-wrap elementor-element-populated\">\n\t\t\t\t\t\t<div class=\"elementor-element elementor-element-140bb73 sc_fly_static elementor-widget elementor-widget-heading\" data-id=\"140bb73\" data-element_type=\"widget\" data-widget_type=\"heading.default\">\n\t\t\t\t<div class=\"elementor-widget-container\">\n\t\t\t\t\t<h3 class=\"elementor-heading-title elementor-size-default\">NUESTRO COMPROMISO CON LA PROTECCI\u00d3N DE DATOS PERSONALES: \u201cPERSONAS INFORMADAS Y DATOS PROTEGIDOS\u201d<\/h3>\t\t\t\t<\/div>\n\t\t\t\t<\/div>\n\t\t\t\t<div class=\"elementor-element elementor-element-3c247d8 sc_fly_static elementor-widget elementor-widget-text-editor\" data-id=\"3c247d8\" data-element_type=\"widget\" data-widget_type=\"text-editor.default\">\n\t\t\t\t<div class=\"elementor-widget-container\">\n\t\t\t\t\t\t\t\t\t<p>La Direcci\u00f3n \/ \u00d3rgano de Gobierno de <strong>ESCUELA DE GOLF DE MONTEPRINCIPE<\/strong> (en adelante, el responsable del tratamiento), asume la m\u00e1xima responsabilidad y compromiso con el establecimiento, implementaci\u00f3n y mantenimiento de la presente Pol\u00edtica de Protecci\u00f3n de Datos, garantizando la mejora continua del responsable del tratamiento con el objetivo de alcanzar la excelencia en relaci\u00f3n con el cumplimiento del Reglamento (UE) 2016\/679 del Parlamento Europeo y del Consejo, de 27 de abril de 2016, relativo a la protecci\u00f3n de las personas f\u00edsicas en lo que respecta al tratamiento de datos personales y a la libre circulaci\u00f3n de estos datos y por el que se deroga la Directiva\u00a095\/46\/CE (Reglamento general de protecci\u00f3n de datos) (DOUE L 119\/1, 04-05-2016), y de la normativa espa\u00f1ola de protecci\u00f3n de datos de car\u00e1cter personal (Ley Org\u00e1nica, legislaci\u00f3n sectorial espec\u00edfica y sus normas de desarrollo).<\/p><p>La Pol\u00edtica de Protecci\u00f3n de Datos de <strong>ESCUELA DE GOLF DE MONTEPRINCIPE<\/strong> descansa en el <u>principio de responsabilidad proactiva<\/u>, seg\u00fan el cual el responsable del tratamiento es responsable del cumplimiento del marco normativo y jurisprudencial que gobierna dicha Pol\u00edtica, y es capaz de demostrarlo ante las autoridades de control competentes.<\/p><p>En tal sentido, el responsable del tratamiento se regir\u00e1 por los siguientes principios que deben servir a todo su personal como gu\u00eda y marco de referencia en el tratamiento de datos personales:<\/p>\t\t\t\t\t\t\t\t<\/div>\n\t\t\t\t<\/div>\n\t\t\t\t<div class=\"elementor-element elementor-element-c007911 sc_fly_static elementor-widget elementor-widget-text-editor\" data-id=\"c007911\" data-element_type=\"widget\" data-widget_type=\"text-editor.default\">\n\t\t\t\t<div class=\"elementor-widget-container\">\n\t\t\t\t\t\t\t\t\t<ol><li><u>Protecci\u00f3n de datos desde el dise\u00f1o:<\/u> el responsable del tratamiento aplicar\u00e1, tanto en el momento de determinar los medios de tratamiento como en el momento del propio tratamiento, medidas t\u00e9cnicas y organizativas apropiadas, como la seudonimizaci\u00f3n, concebidas para aplicar de forma efectiva los principios de protecci\u00f3n de datos, como la minimizaci\u00f3n de datos, e integrar las garant\u00edas necesarias en el tratamiento.<\/li><li><u style=\"letter-spacing: var(--theme-font-p_letter-spacing);\">Protecci\u00f3n de datos por defecto:<\/u><span style=\"letter-spacing: var(--theme-font-p_letter-spacing);\"> el responsable del tratamiento aplicar\u00e1 las medidas t\u00e9cnicas y organizativas apropiadas con miras a garantizar que, por defecto, solo sean objeto de tratamiento los datos personales que sean necesarios para cada uno de los fines espec\u00edficos del tratamiento.<\/span><\/li><li><u style=\"letter-spacing: var(--theme-font-p_letter-spacing);\">Protecci\u00f3n de datos en el ciclo de vida de la informaci\u00f3n:<\/u><span style=\"letter-spacing: var(--theme-font-p_letter-spacing);\"> las medidas que garanticen la protecci\u00f3n de los datos personales ser\u00e1n aplicables durante el ciclo completo de la vida de la informaci\u00f3n.<\/span><\/li><li><u style=\"letter-spacing: var(--theme-font-p_letter-spacing);\">Licitud, lealtad y transparencia:<\/u><span style=\"letter-spacing: var(--theme-font-p_letter-spacing);\"> los datos personales ser\u00e1n tratados de manera l\u00edcita, leal y transparente en relaci\u00f3n con el interesado.<\/span><\/li><li><u style=\"letter-spacing: var(--theme-font-p_letter-spacing);\">Limitaci\u00f3n de la finalidad:<\/u><span style=\"letter-spacing: var(--theme-font-p_letter-spacing);\"> los datos personales ser\u00e1n recogidos con fines determinados, expl\u00edcitos y leg\u00edtimos, y no ser\u00e1n tratados ulteriormente de manera incompatible con dichos fines.<\/span><\/li><li><u style=\"letter-spacing: var(--theme-font-p_letter-spacing);\">Minimizaci\u00f3n de datos:<\/u><span style=\"letter-spacing: var(--theme-font-p_letter-spacing);\"> los datos personales ser\u00e1n adecuados, pertinentes y limitados a lo necesario en relaci\u00f3n con los fines para los que son tratados.<\/span><\/li><li><u style=\"letter-spacing: var(--theme-font-p_letter-spacing);\">Exactitud:<\/u><span style=\"letter-spacing: var(--theme-font-p_letter-spacing);\"> los datos personales ser\u00e1n exactos y, si fuera necesario, actualizados; se adoptar\u00e1n todas las medidas razonables para que se supriman o rectifiquen sin dilaci\u00f3n los datos personales que sean inexactos con respecto a los fines para los que se tratan.<\/span><\/li><li><u style=\"letter-spacing: var(--theme-font-p_letter-spacing);\">Limitaci\u00f3n del plazo de conservaci\u00f3n:<\/u><span style=\"letter-spacing: var(--theme-font-p_letter-spacing);\"> los datos personales ser\u00e1n mantenidos de forma que se permita la identificaci\u00f3n de los interesados durante no m\u00e1s tiempo del necesario para los fines del tratamiento de los datos personales.<\/span><\/li><li><u style=\"letter-spacing: var(--theme-font-p_letter-spacing);\">Integridad y confidencialidad:<\/u><span style=\"letter-spacing: var(--theme-font-p_letter-spacing);\"> los datos personales ser\u00e1n tratados de tal manera que se garantice una seguridad adecuada de los datos personales, incluida la protecci\u00f3n contra el tratamiento no autorizado o il\u00edcito y contra su p\u00e9rdida, destrucci\u00f3n o da\u00f1o accidental, mediante la aplicaci\u00f3n de medidas t\u00e9cnicas u organizativas apropiadas.<\/span><\/li><li><u style=\"letter-spacing: var(--theme-font-p_letter-spacing);\">Informaci\u00f3n y formaci\u00f3n:<\/u><span style=\"letter-spacing: var(--theme-font-p_letter-spacing);\"> una de las claves para garantizar la protecci\u00f3n de los datos personales es la formaci\u00f3n e informaci\u00f3n que se facilite al personal involucrado en el tratamiento de los mismos. Durante el ciclo de vida de la informaci\u00f3n, todo el personal con acceso a los datos ser\u00e1 convenientemente formado e informado acerca de sus obligaciones en relaci\u00f3n con el cumplimiento de la normativa de protecci\u00f3n de datos.<\/span><\/li><\/ol>\t\t\t\t\t\t\t\t<\/div>\n\t\t\t\t<\/div>\n\t\t\t\t<div class=\"elementor-element elementor-element-b223174 sc_fly_static elementor-widget elementor-widget-text-editor\" data-id=\"b223174\" data-element_type=\"widget\" data-widget_type=\"text-editor.default\">\n\t\t\t\t<div class=\"elementor-widget-container\">\n\t\t\t\t\t\t\t\t\t<p>La Pol\u00edtica de Protecci\u00f3n de Datos de <strong>ESCUELA DE GOLF DE MONTEPRINCIPE<\/strong> es comunicada a todo el personal del responsable del tratamiento y puesta a disposici\u00f3n de todas las partes interesadas.<\/p><p>En su consecuencia, la presente Pol\u00edtica de Protecci\u00f3n de Datos involucra a todo el personal del responsable del tratamiento, que debe conocerla y asumirla, consider\u00e1ndola como propia, siendo cada miembro responsable de aplicarla y de verificar las normas de protecci\u00f3n de datos aplicables a su actividad, as\u00ed como identificar y aportar las oportunidades de mejora que considere oportunas con el objetivo de alcanzar la excelencia en relaci\u00f3n con su cumplimiento.<\/p><p>Esta Pol\u00edtica ser\u00e1 revisada por la Direcci\u00f3n \/ \u00d3rgano de Gobierno de <strong>ESCUELA DE GOLF DE MONTEPRINCIPE<\/strong>, tantas veces como se considere necesario, para adecuarse, en todo momento, a las disposiciones vigentes en materia de protecci\u00f3n de datos de car\u00e1cter personal.\u00a0<\/p>\t\t\t\t\t\t\t\t<\/div>\n\t\t\t\t<\/div>\n\t\t\t\t\t<\/div>\n\t\t<\/div>\n\t\t\t\t\t<\/div>\n\t\t<\/section>\n\t\t\t\t<\/div>\n\t\t","protected":false},"excerpt":{"rendered":"<p>COMPROMISO CON LA PROTECCI\u00d3N DE DATOS PERSONALES NUESTRO COMPROMISO CON LA PROTECCI\u00d3N DE DATOS PERSONALES: \u201cPERSONAS INFORMADAS Y DATOS PROTEGIDOS\u201d La Direcci\u00f3n \/ \u00d3rgano de Gobierno de ESCUELA DE GOLF&hellip;<\/p>\n","protected":false},"author":1,"featured_media":0,"parent":0,"menu_order":0,"comment_status":"closed","ping_status":"closed","template":"","meta":{"footnotes":""},"class_list":["post-22964","page","type-page","status-publish","hentry"],"yoast_head":"<!-- This site is optimized with the Yoast SEO plugin v27.4 - https:\/\/yoast.com\/product\/yoast-seo-wordpress\/ -->\n<title>Protecci\u00f3n de datos - Campo de Golf Montepr\u00edncipe<\/title>\n<meta name=\"robots\" content=\"noindex, follow, max-snippet:-1, max-image-preview:large, max-video-preview:-1\" \/>\n<meta property=\"og:locale\" content=\"es_ES\" \/>\n<meta property=\"og:type\" content=\"article\" \/>\n<meta property=\"og:title\" content=\"Protecci\u00f3n de datos - Campo de Golf Montepr\u00edncipe\" \/>\n<meta property=\"og:description\" content=\"COMPROMISO CON LA PROTECCI\u00d3N DE DATOS PERSONALES NUESTRO COMPROMISO CON LA PROTECCI\u00d3N DE DATOS PERSONALES: \u201cPERSONAS INFORMADAS Y DATOS PROTEGIDOS\u201d La Direcci\u00f3n \/ \u00d3rgano de Gobierno de ESCUELA DE GOLF&hellip;\" \/>\n<meta property=\"og:url\" content=\"https:\/\/dev.maicrosoft.eu\/monteprincipe\/proteccion-de-datos\/\" \/>\n<meta property=\"og:site_name\" content=\"Campo de Golf Montepr\u00edncipe\" \/>\n<meta property=\"article:modified_time\" content=\"2025-02-21T13:09:38+00:00\" \/>\n<meta name=\"twitter:card\" content=\"summary_large_image\" \/>\n<meta name=\"twitter:label1\" content=\"Tiempo de lectura\" \/>\n\t<meta name=\"twitter:data1\" content=\"4 minutos\" \/>\n<script type=\"application\/ld+json\" class=\"yoast-schema-graph\">{\"@context\":\"https:\\\/\\\/schema.org\",\"@graph\":[{\"@type\":\"WebPage\",\"@id\":\"https:\\\/\\\/dev.maicrosoft.eu\\\/monteprincipe\\\/proteccion-de-datos\\\/\",\"url\":\"https:\\\/\\\/dev.maicrosoft.eu\\\/monteprincipe\\\/proteccion-de-datos\\\/\",\"name\":\"Protecci\u00f3n de datos - Campo de Golf Montepr\u00edncipe\",\"isPartOf\":{\"@id\":\"https:\\\/\\\/dev.maicrosoft.eu\\\/monteprincipe\\\/#website\"},\"datePublished\":\"2025-02-21T10:11:36+00:00\",\"dateModified\":\"2025-02-21T13:09:38+00:00\",\"breadcrumb\":{\"@id\":\"https:\\\/\\\/dev.maicrosoft.eu\\\/monteprincipe\\\/proteccion-de-datos\\\/#breadcrumb\"},\"inLanguage\":\"es\",\"potentialAction\":[{\"@type\":\"ReadAction\",\"target\":[\"https:\\\/\\\/dev.maicrosoft.eu\\\/monteprincipe\\\/proteccion-de-datos\\\/\"]}]},{\"@type\":\"BreadcrumbList\",\"@id\":\"https:\\\/\\\/dev.maicrosoft.eu\\\/monteprincipe\\\/proteccion-de-datos\\\/#breadcrumb\",\"itemListElement\":[{\"@type\":\"ListItem\",\"position\":1,\"name\":\"Portada\",\"item\":\"https:\\\/\\\/dev.maicrosoft.eu\\\/monteprincipe\\\/\"},{\"@type\":\"ListItem\",\"position\":2,\"name\":\"Protecci\u00f3n de datos\"}]},{\"@type\":\"WebSite\",\"@id\":\"https:\\\/\\\/dev.maicrosoft.eu\\\/monteprincipe\\\/#website\",\"url\":\"https:\\\/\\\/dev.maicrosoft.eu\\\/monteprincipe\\\/\",\"name\":\"Campo de Golf Montepr\u00edncipe\",\"description\":\"Campo de Golf Montepr\u00edncipe\",\"publisher\":{\"@id\":\"https:\\\/\\\/dev.maicrosoft.eu\\\/monteprincipe\\\/#organization\"},\"potentialAction\":[{\"@type\":\"SearchAction\",\"target\":{\"@type\":\"EntryPoint\",\"urlTemplate\":\"https:\\\/\\\/dev.maicrosoft.eu\\\/monteprincipe\\\/?s={search_term_string}\"},\"query-input\":{\"@type\":\"PropertyValueSpecification\",\"valueRequired\":true,\"valueName\":\"search_term_string\"}}],\"inLanguage\":\"es\"},{\"@type\":\"Organization\",\"@id\":\"https:\\\/\\\/dev.maicrosoft.eu\\\/monteprincipe\\\/#organization\",\"name\":\"Campo de Golf Montepr\u00edncipe\",\"url\":\"https:\\\/\\\/dev.maicrosoft.eu\\\/monteprincipe\\\/\",\"logo\":{\"@type\":\"ImageObject\",\"inLanguage\":\"es\",\"@id\":\"https:\\\/\\\/dev.maicrosoft.eu\\\/monteprincipe\\\/#\\\/schema\\\/logo\\\/image\\\/\",\"url\":\"https:\\\/\\\/dev.maicrosoft.eu\\\/monteprincipe\\\/wp-content\\\/uploads\\\/2025\\\/02\\\/cropped-1-Logo_color_Monte_Principe.jpg\",\"contentUrl\":\"https:\\\/\\\/dev.maicrosoft.eu\\\/monteprincipe\\\/wp-content\\\/uploads\\\/2025\\\/02\\\/cropped-1-Logo_color_Monte_Principe.jpg\",\"width\":471,\"height\":113,\"caption\":\"Campo de Golf Montepr\u00edncipe\"},\"image\":{\"@id\":\"https:\\\/\\\/dev.maicrosoft.eu\\\/monteprincipe\\\/#\\\/schema\\\/logo\\\/image\\\/\"}}]}<\/script>\n<!-- \/ Yoast SEO plugin. -->","yoast_head_json":{"title":"Protecci\u00f3n de datos - Campo de Golf Montepr\u00edncipe","robots":{"index":"noindex","follow":"follow","max-snippet":"max-snippet:-1","max-image-preview":"max-image-preview:large","max-video-preview":"max-video-preview:-1"},"og_locale":"es_ES","og_type":"article","og_title":"Protecci\u00f3n de datos - Campo de Golf Montepr\u00edncipe","og_description":"COMPROMISO CON LA PROTECCI\u00d3N DE DATOS PERSONALES NUESTRO COMPROMISO CON LA PROTECCI\u00d3N DE DATOS PERSONALES: \u201cPERSONAS INFORMADAS Y DATOS PROTEGIDOS\u201d La Direcci\u00f3n \/ \u00d3rgano de Gobierno de ESCUELA DE GOLF&hellip;","og_url":"https:\/\/dev.maicrosoft.eu\/monteprincipe\/proteccion-de-datos\/","og_site_name":"Campo de Golf Montepr\u00edncipe","article_modified_time":"2025-02-21T13:09:38+00:00","twitter_card":"summary_large_image","twitter_misc":{"Tiempo de lectura":"4 minutos"},"schema":{"@context":"https:\/\/schema.org","@graph":[{"@type":"WebPage","@id":"https:\/\/dev.maicrosoft.eu\/monteprincipe\/proteccion-de-datos\/","url":"https:\/\/dev.maicrosoft.eu\/monteprincipe\/proteccion-de-datos\/","name":"Protecci\u00f3n de datos - Campo de Golf Montepr\u00edncipe","isPartOf":{"@id":"https:\/\/dev.maicrosoft.eu\/monteprincipe\/#website"},"datePublished":"2025-02-21T10:11:36+00:00","dateModified":"2025-02-21T13:09:38+00:00","breadcrumb":{"@id":"https:\/\/dev.maicrosoft.eu\/monteprincipe\/proteccion-de-datos\/#breadcrumb"},"inLanguage":"es","potentialAction":[{"@type":"ReadAction","target":["https:\/\/dev.maicrosoft.eu\/monteprincipe\/proteccion-de-datos\/"]}]},{"@type":"BreadcrumbList","@id":"https:\/\/dev.maicrosoft.eu\/monteprincipe\/proteccion-de-datos\/#breadcrumb","itemListElement":[{"@type":"ListItem","position":1,"name":"Portada","item":"https:\/\/dev.maicrosoft.eu\/monteprincipe\/"},{"@type":"ListItem","position":2,"name":"Protecci\u00f3n de datos"}]},{"@type":"WebSite","@id":"https:\/\/dev.maicrosoft.eu\/monteprincipe\/#website","url":"https:\/\/dev.maicrosoft.eu\/monteprincipe\/","name":"Campo de Golf Montepr\u00edncipe","description":"Campo de Golf Montepr\u00edncipe","publisher":{"@id":"https:\/\/dev.maicrosoft.eu\/monteprincipe\/#organization"},"potentialAction":[{"@type":"SearchAction","target":{"@type":"EntryPoint","urlTemplate":"https:\/\/dev.maicrosoft.eu\/monteprincipe\/?s={search_term_string}"},"query-input":{"@type":"PropertyValueSpecification","valueRequired":true,"valueName":"search_term_string"}}],"inLanguage":"es"},{"@type":"Organization","@id":"https:\/\/dev.maicrosoft.eu\/monteprincipe\/#organization","name":"Campo de Golf Montepr\u00edncipe","url":"https:\/\/dev.maicrosoft.eu\/monteprincipe\/","logo":{"@type":"ImageObject","inLanguage":"es","@id":"https:\/\/dev.maicrosoft.eu\/monteprincipe\/#\/schema\/logo\/image\/","url":"https:\/\/dev.maicrosoft.eu\/monteprincipe\/wp-content\/uploads\/2025\/02\/cropped-1-Logo_color_Monte_Principe.jpg","contentUrl":"https:\/\/dev.maicrosoft.eu\/monteprincipe\/wp-content\/uploads\/2025\/02\/cropped-1-Logo_color_Monte_Principe.jpg","width":471,"height":113,"caption":"Campo de Golf Montepr\u00edncipe"},"image":{"@id":"https:\/\/dev.maicrosoft.eu\/monteprincipe\/#\/schema\/logo\/image\/"}}]}},"_links":{"self":[{"href":"https:\/\/dev.maicrosoft.eu\/monteprincipe\/wp-json\/wp\/v2\/pages\/22964","targetHints":{"allow":["GET"]}}],"collection":[{"href":"https:\/\/dev.maicrosoft.eu\/monteprincipe\/wp-json\/wp\/v2\/pages"}],"about":[{"href":"https:\/\/dev.maicrosoft.eu\/monteprincipe\/wp-json\/wp\/v2\/types\/page"}],"author":[{"embeddable":true,"href":"https:\/\/dev.maicrosoft.eu\/monteprincipe\/wp-json\/wp\/v2\/users\/1"}],"replies":[{"embeddable":true,"href":"https:\/\/dev.maicrosoft.eu\/monteprincipe\/wp-json\/wp\/v2\/comments?post=22964"}],"version-history":[{"count":7,"href":"https:\/\/dev.maicrosoft.eu\/monteprincipe\/wp-json\/wp\/v2\/pages\/22964\/revisions"}],"predecessor-version":[{"id":22976,"href":"https:\/\/dev.maicrosoft.eu\/monteprincipe\/wp-json\/wp\/v2\/pages\/22964\/revisions\/22976"}],"wp:attachment":[{"href":"https:\/\/dev.maicrosoft.eu\/monteprincipe\/wp-json\/wp\/v2\/media?parent=22964"}],"curies":[{"name":"wp","href":"https:\/\/api.w.org\/{rel}","templated":true}]}}