{"id":22317,"date":"2025-02-13T10:30:58","date_gmt":"2025-02-13T09:30:58","guid":{"rendered":"https:\/\/dev.maicrosoft.eu\/monteprincipe\/?page_id=22317"},"modified":"2025-07-04T12:18:20","modified_gmt":"2025-07-04T10:18:20","slug":"contacto","status":"publish","type":"page","link":"https:\/\/dev.maicrosoft.eu\/monteprincipe\/contacto\/","title":{"rendered":"Contacto"},"content":{"rendered":"\t\t<div data-elementor-type=\"wp-page\" data-elementor-id=\"22317\" class=\"elementor elementor-22317\">\n\t\t\t\t\t\t<section class=\"elementor-section elementor-top-section elementor-element elementor-element-a0e915b elementor-section-boxed elementor-section-height-default elementor-section-height-default sc_fly_static\" data-id=\"a0e915b\" data-element_type=\"section\" data-settings=\"{&quot;background_background&quot;:&quot;classic&quot;}\">\n\t\t\t\t\t\t<div class=\"elementor-container elementor-column-gap-extended\">\n\t\t\t\t\t<div class=\"elementor-column elementor-col-100 elementor-top-column elementor-element elementor-element-47afd7f sc_content_align_inherit sc_layouts_column_icons_position_left sc_fly_static\" data-id=\"47afd7f\" data-element_type=\"column\">\n\t\t\t<div class=\"elementor-widget-wrap elementor-element-populated\">\n\t\t\t\t\t\t<div class=\"elementor-element elementor-element-484ccf8 sc_height_large sc_fly_static elementor-widget elementor-widget-spacer\" data-id=\"484ccf8\" data-element_type=\"widget\" data-widget_type=\"spacer.default\">\n\t\t\t\t<div class=\"elementor-widget-container\">\n\t\t\t\t\t\t\t<div class=\"elementor-spacer\">\n\t\t\t<div class=\"elementor-spacer-inner\"><\/div>\n\t\t<\/div>\n\t\t\t\t\t\t<\/div>\n\t\t\t\t<\/div>\n\t\t\t\t<div class=\"elementor-element elementor-element-7c19db9 scheme_default sc_fly_static elementor-widget elementor-widget-trx_sc_icons\" data-id=\"7c19db9\" data-element_type=\"widget\" data-widget_type=\"trx_sc_icons.default\">\n\t\t\t\t<div class=\"elementor-widget-container\">\n\t\t\t\t\t<div \tclass=\"sc_icons color_style_dark scheme_default sc_icons_plain sc_icons_size_small sc_align_center\" ><div class=\"sc_icons_columns_wrap sc_item_columns trx_addons_columns_wrap columns_padding_bottom columns_in_single_row\" ><div class=\"trx_addons_column-1_3\"><div class=\"sc_icons_item with_more\"><div class=\"sc_icons_icon sc_icon_type_ icon-wall-clock\" style=\"color: var(--e-global-color-7a1ccbe5)\" ><span class=\"sc_icon_type_ icon-wall-clock\" style=\"color: var(--e-global-color-7a1ccbe5)\"><\/span><\/div><div class=\"sc_icons_item_details\"><h4 class=\"sc_icons_item_title\"><span>Horario<\/span><\/h4><div class=\"sc_icons_item_description\"><span>Lunes a viernes: 8:30 - 18:30 horas<\/span><span>S\u00e1bados, domingos y festivos : 8:30 - 15 horas<\/span><\/div><\/div><\/div><\/div><div class=\"trx_addons_column-1_3\"><div class=\"sc_icons_item\"><div class=\"sc_icons_icon sc_icon_type_ icon-locator\" style=\"color: var(--e-global-color-7a1ccbe5)\" ><span class=\"sc_icon_type_ icon-locator\" style=\"color: var(--e-global-color-7a1ccbe5)\"><\/span><\/div><div class=\"sc_icons_item_details\"><h4 class=\"sc_icons_item_title\"><span>Localizaci\u00f3n<\/span><\/h4><div class=\"sc_icons_item_description\"><span>Urb. Montepr\u00edncipe<\/span><span>Av. de los Poetas, s\/n, 20506 Murcia<\/span><span><\/span><span><\/span><\/div><\/div><\/div><\/div><div class=\"trx_addons_column-1_3\"><div class=\"sc_icons_item sc_icons_item_linked\"><div class=\"sc_icons_icon sc_icon_type_ icon-phone-call\" style=\"color: var(--e-global-color-7a1ccbe5)\" ><span class=\"sc_icon_type_ icon-phone-call\" style=\"color: var(--e-global-color-7a1ccbe5)\"><\/span><\/div><div class=\"sc_icons_item_details\"><h4 class=\"sc_icons_item_title\"><a href=\"#scroll\">\r\n                                    Contacto                                    <\/a><\/h4><div class=\"sc_icons_item_description\"><span>Tel\u00e9fono: +34 968 124 023 <\/span><span>M\u00f3vil: \u202d+34 636 218 809\u202c<\/span><span>Email: <a href=\"info@golfmonteprincipe.com\">info@golfmonteprincipe.com<\/a><\/span><\/div><a href=\"#scroll\"\r\n                        class=\"sc_icons_item_link\">\r\n                        <\/a><\/div><\/div><\/div><\/div><\/div><!-- \/.sc_icons -->\t\t\t\t<\/div>\n\t\t\t\t<\/div>\n\t\t\t\t<div class=\"elementor-element elementor-element-6526ce4 sc_height_large sc_fly_static elementor-widget elementor-widget-spacer\" data-id=\"6526ce4\" data-element_type=\"widget\" data-widget_type=\"spacer.default\">\n\t\t\t\t<div class=\"elementor-widget-container\">\n\t\t\t\t\t\t\t<div class=\"elementor-spacer\">\n\t\t\t<div class=\"elementor-spacer-inner\"><\/div>\n\t\t<\/div>\n\t\t\t\t\t\t<\/div>\n\t\t\t\t<\/div>\n\t\t\t\t\t<\/div>\n\t\t<\/div>\n\t\t\t\t\t<\/div>\n\t\t<\/section>\n\t\t\t\t<section class=\"elementor-section elementor-top-section elementor-element elementor-element-b10921f elementor-section-full_width elementor-section-content-middle elementor-section-stretched scheme_light elementor-section-height-default elementor-section-height-default sc_fly_static\" data-id=\"b10921f\" data-element_type=\"section\" id=\"scroll\" data-settings=\"{&quot;stretch_section&quot;:&quot;section-stretched&quot;}\">\n\t\t\t\t\t\t<div class=\"elementor-container elementor-column-gap-no\">\n\t\t\t\t\t<div class=\"elementor-column elementor-col-50 elementor-top-column elementor-element elementor-element-43955a0 sc_content_align_inherit sc_layouts_column_icons_position_left sc_fly_static\" data-id=\"43955a0\" data-element_type=\"column\">\n\t\t\t<div class=\"elementor-widget-wrap elementor-element-populated\">\n\t\t\t\t\t\t<div class=\"elementor-element elementor-element-df8e087 sc_fly_static elementor-widget elementor-widget-google_maps\" data-id=\"df8e087\" data-element_type=\"widget\" data-widget_type=\"google_maps.default\">\n\t\t\t\t<div class=\"elementor-widget-container\">\n\t\t\t\t\t\t\t<div class=\"elementor-custom-embed\">\n\t\t\t<iframe\n\t\t\t\t\tdata-src=\"https:\/\/maps.google.com\/maps?q=3R8W%2BC4%20Molina%20de%20Segura&#038;t=m&#038;z=15&#038;output=embed&#038;iwloc=near\"\n\t\t\t\t\ttitle=\"3R8W+C4 Molina de Segura\"\n\t\t\t\t\taria-label=\"3R8W+C4 Molina de Segura\"\n\t\t\t src=\"data:image\/svg+xml;base64,PHN2ZyB3aWR0aD0iMSIgaGVpZ2h0PSIxIiB4bWxucz0iaHR0cDovL3d3dy53My5vcmcvMjAwMC9zdmciPjwvc3ZnPg==\" class=\"lazyload\" data-load-mode=\"1\"><\/iframe>\n\t\t<\/div>\n\t\t\t\t\t\t<\/div>\n\t\t\t\t<\/div>\n\t\t\t\t\t<\/div>\n\t\t<\/div>\n\t\t\t\t<div class=\"elementor-column elementor-col-50 elementor-top-column elementor-element elementor-element-76f0a17 sc_content_align_inherit sc_layouts_column_icons_position_left sc_fly_static\" data-id=\"76f0a17\" data-element_type=\"column\" data-settings=\"{&quot;background_background&quot;:&quot;classic&quot;}\">\n\t\t\t<div class=\"elementor-widget-wrap elementor-element-populated\">\n\t\t\t\t\t\t<div class=\"elementor-element elementor-element-cc58d3d sc_height_huge sc_layouts_hide_on_wide sc_layouts_hide_on_desktop sc_fly_static elementor-widget elementor-widget-spacer\" data-id=\"cc58d3d\" data-element_type=\"widget\" data-widget_type=\"spacer.default\">\n\t\t\t\t<div class=\"elementor-widget-container\">\n\t\t\t\t\t\t\t<div class=\"elementor-spacer\">\n\t\t\t<div class=\"elementor-spacer-inner\"><\/div>\n\t\t<\/div>\n\t\t\t\t\t\t<\/div>\n\t\t\t\t<\/div>\n\t\t\t\t<div class=\"elementor-element elementor-element-f93ffd6 sc_fly_static elementor-widget elementor-widget-spacer\" data-id=\"f93ffd6\" data-element_type=\"widget\" data-widget_type=\"spacer.default\">\n\t\t\t\t<div class=\"elementor-widget-container\">\n\t\t\t\t\t\t\t<div class=\"elementor-spacer\">\n\t\t\t<div class=\"elementor-spacer-inner\"><\/div>\n\t\t<\/div>\n\t\t\t\t\t\t<\/div>\n\t\t\t\t<\/div>\n\t\t\t\t<div class=\"elementor-element elementor-element-9d9dd2b sc_fly_static elementor-widget elementor-widget-heading\" data-id=\"9d9dd2b\" data-element_type=\"widget\" data-widget_type=\"heading.default\">\n\t\t\t\t<div class=\"elementor-widget-container\">\n\t\t\t\t\t<h3 class=\"elementor-heading-title elementor-size-default\">Estamos aqu\u00ed para ayudarte<\/h3>\t\t\t\t<\/div>\n\t\t\t\t<\/div>\n\t\t\t\t<div class=\"elementor-element elementor-element-9e90fe7 sc_fly_static elementor-widget elementor-widget-trx_sc_title\" data-id=\"9e90fe7\" data-element_type=\"widget\" data-widget_type=\"trx_sc_title.default\">\n\t\t\t\t<div class=\"elementor-widget-container\">\n\t\t\t\t\t<div\t\tclass=\"sc_title color_style_link2 sc_title_default\" ><h2 class=\"sc_item_title sc_title_title sc_item_title_style_default sc_item_title_tag\"\n\t\t\t><span class=\"sc_item_title_text\">Cont\u00e1ctanos<\/span><\/h2><\/div>\t\t\t\t<\/div>\n\t\t\t\t<\/div>\n\t\t\t\t<div class=\"elementor-element elementor-element-1ed783d sc_fly_static elementor-widget elementor-widget-trx_sc_contact_form_7\" data-id=\"1ed783d\" data-element_type=\"widget\" data-widget_type=\"trx_sc_contact_form_7.default\">\n\t\t\t\t<div class=\"elementor-widget-container\">\n\t\t\t\t\t\n<div class=\"wpcf7 no-js\" id=\"wpcf7-f22453-o1\" lang=\"en-US\" dir=\"ltr\" data-wpcf7-id=\"22453\">\n<div class=\"screen-reader-response\"><p role=\"status\" aria-live=\"polite\" aria-atomic=\"true\"><\/p> <ul><\/ul><\/div>\n<form action=\"\/monteprincipe\/wp-json\/wp\/v2\/pages\/22317#wpcf7-f22453-o1\" method=\"post\" class=\"wpcf7-form init\" aria-label=\"Contact form\" novalidate=\"novalidate\" data-status=\"init\">\n<fieldset class=\"hidden-fields-container\"><input type=\"hidden\" name=\"_wpcf7\" value=\"22453\" \/><input type=\"hidden\" name=\"_wpcf7_version\" value=\"6.1.5\" \/><input type=\"hidden\" name=\"_wpcf7_locale\" value=\"en_US\" \/><input type=\"hidden\" name=\"_wpcf7_unit_tag\" value=\"wpcf7-f22453-o1\" \/><input type=\"hidden\" name=\"_wpcf7_container_post\" value=\"0\" \/><input type=\"hidden\" name=\"_wpcf7_posted_data_hash\" value=\"\" \/>\n<\/fieldset>\n<div class=\"form-style-4\">\n\t<div class=\"columns_wrap\">\n\t\t<div class=\"column-1_2\">\n\t\t\t<p><span class=\"style-icon icon-name\"><span class=\"wpcf7-form-control-wrap\" data-name=\"your-name\"><input size=\"40\" maxlength=\"400\" class=\"wpcf7-form-control wpcf7-text wpcf7-validates-as-required\" aria-required=\"true\" aria-invalid=\"false\" placeholder=\"Nombre\" value=\"\" type=\"text\" name=\"your-name\" \/><\/span><\/span>\n\t\t\t<\/p>\n\t\t<\/div>\n\t\t<div class=\"column-1_2\">\n\t\t\t<p><span class=\"style-icon icon-email\"><span class=\"wpcf7-form-control-wrap\" data-name=\"your-email\"><input size=\"40\" maxlength=\"400\" class=\"wpcf7-form-control wpcf7-email wpcf7-validates-as-required wpcf7-text wpcf7-validates-as-email\" aria-required=\"true\" aria-invalid=\"false\" placeholder=\"Email\" value=\"\" type=\"email\" name=\"your-email\" \/><\/span><\/span>\n\t\t\t<\/p>\n\t\t<\/div>\n\t<\/div>\n\t<div class=\"columns_wrap\">\n\t\t<div class=\"column-1_1\">\n\t\t\t<p><span class=\"style-icon icon-pencil\"><span class=\"wpcf7-form-control-wrap\" data-name=\"subject\"><input size=\"40\" maxlength=\"400\" class=\"wpcf7-form-control wpcf7-text wpcf7-validates-as-required\" aria-required=\"true\" aria-invalid=\"false\" placeholder=\"Asunto\" value=\"\" type=\"text\" name=\"subject\" \/><\/span><\/span>\n\t\t\t<\/p>\n\t\t<\/div>\n\t<\/div>\n\t<div class=\"columns_wrap margin-bottom\">\n\t\t<div class=\"column-1_1\">\n\t\t\t<p><span class=\"style-icon icon-textarea\"><span class=\"wpcf7-form-control-wrap\" data-name=\"your-message\"><textarea cols=\"40\" rows=\"10\" maxlength=\"2000\" class=\"wpcf7-form-control wpcf7-textarea wpcf7-validates-as-required\" aria-required=\"true\" aria-invalid=\"false\" placeholder=\"Mensaje\" name=\"your-message\"><\/textarea><\/span><\/span>\n\t\t\t<\/p>\n\t\t<\/div>\n\t<\/div>\n\t<p><span class=\"wpcf7-form-control-wrap\" data-name=\"acceptance\"><span class=\"wpcf7-form-control wpcf7-acceptance\"><span class=\"wpcf7-list-item\"><label><input type=\"checkbox\" name=\"acceptance\" value=\"1\" aria-invalid=\"false\" \/><span class=\"wpcf7-list-item-label\">Consiento el uso de mis datos para los fines indicados en la <a href=\"\/privacy-policy\/\">Pol\u00edtica de Privacidad<\/a>.<\/span><\/label><\/span><\/span><\/span><input class=\"wpcf7-form-control wpcf7-submit has-spinner\" type=\"submit\" value=\"Enviar\" \/>\n\t<\/p>\n<\/div><div class=\"wpcf7-response-output\" aria-hidden=\"true\"><\/div>\n<\/form>\n<\/div>\n\t\t\t\t<\/div>\n\t\t\t\t<\/div>\n\t\t\t\t<div class=\"elementor-element elementor-element-ff870ad sc_height_huge sc_layouts_hide_on_wide sc_layouts_hide_on_desktop sc_fly_static elementor-widget elementor-widget-spacer\" data-id=\"ff870ad\" data-element_type=\"widget\" data-widget_type=\"spacer.default\">\n\t\t\t\t<div class=\"elementor-widget-container\">\n\t\t\t\t\t\t\t<div class=\"elementor-spacer\">\n\t\t\t<div class=\"elementor-spacer-inner\"><\/div>\n\t\t<\/div>\n\t\t\t\t\t\t<\/div>\n\t\t\t\t<\/div>\n\t\t\t\t\t<\/div>\n\t\t<\/div>\n\t\t\t\t\t<\/div>\n\t\t<\/section>\n\t\t\t\t<\/div>\n\t\t","protected":false},"excerpt":{"rendered":"<p>Horario Lunes a viernes: 8:30 &#8211; 18:30 horasS\u00e1bados, domingos y festivos : 8:30 &#8211; 15 horas Localizaci\u00f3n Urb. Montepr\u00edncipeAv. de los Poetas, s\/n, 20506 Murcia Contacto Tel\u00e9fono: +34 968 124&hellip;<\/p>\n","protected":false},"author":1,"featured_media":0,"parent":0,"menu_order":0,"comment_status":"closed","ping_status":"closed","template":"","meta":{"footnotes":""},"class_list":["post-22317","page","type-page","status-publish","hentry"],"yoast_head":"<!-- This site is optimized with the Yoast SEO plugin v27.4 - https:\/\/yoast.com\/product\/yoast-seo-wordpress\/ -->\n<title>Contacto - Campo de Golf Montepr\u00edncipe<\/title>\n<meta name=\"robots\" content=\"noindex, follow, max-snippet:-1, max-image-preview:large, max-video-preview:-1\" \/>\n<meta property=\"og:locale\" content=\"es_ES\" \/>\n<meta property=\"og:type\" content=\"article\" \/>\n<meta property=\"og:title\" content=\"Contacto - Campo de Golf Montepr\u00edncipe\" \/>\n<meta property=\"og:description\" content=\"Horario Lunes a viernes: 8:30 &#8211; 18:30 horasS\u00e1bados, domingos y festivos : 8:30 &#8211; 15 horas Localizaci\u00f3n Urb. Montepr\u00edncipeAv. de los Poetas, s\/n, 20506 Murcia Contacto Tel\u00e9fono: +34 968 124&hellip;\" \/>\n<meta property=\"og:url\" content=\"https:\/\/dev.maicrosoft.eu\/monteprincipe\/contacto\/\" \/>\n<meta property=\"og:site_name\" content=\"Campo de Golf Montepr\u00edncipe\" \/>\n<meta property=\"article:modified_time\" content=\"2025-07-04T10:18:20+00:00\" \/>\n<meta name=\"twitter:card\" content=\"summary_large_image\" \/>\n<meta name=\"twitter:label1\" content=\"Tiempo de lectura\" \/>\n\t<meta name=\"twitter:data1\" content=\"1 minuto\" \/>\n<script type=\"application\/ld+json\" class=\"yoast-schema-graph\">{\"@context\":\"https:\\\/\\\/schema.org\",\"@graph\":[{\"@type\":\"WebPage\",\"@id\":\"https:\\\/\\\/dev.maicrosoft.eu\\\/monteprincipe\\\/contacto\\\/\",\"url\":\"https:\\\/\\\/dev.maicrosoft.eu\\\/monteprincipe\\\/contacto\\\/\",\"name\":\"Contacto - Campo de Golf Montepr\u00edncipe\",\"isPartOf\":{\"@id\":\"https:\\\/\\\/dev.maicrosoft.eu\\\/monteprincipe\\\/#website\"},\"datePublished\":\"2025-02-13T09:30:58+00:00\",\"dateModified\":\"2025-07-04T10:18:20+00:00\",\"breadcrumb\":{\"@id\":\"https:\\\/\\\/dev.maicrosoft.eu\\\/monteprincipe\\\/contacto\\\/#breadcrumb\"},\"inLanguage\":\"es\",\"potentialAction\":[{\"@type\":\"ReadAction\",\"target\":[\"https:\\\/\\\/dev.maicrosoft.eu\\\/monteprincipe\\\/contacto\\\/\"]}]},{\"@type\":\"BreadcrumbList\",\"@id\":\"https:\\\/\\\/dev.maicrosoft.eu\\\/monteprincipe\\\/contacto\\\/#breadcrumb\",\"itemListElement\":[{\"@type\":\"ListItem\",\"position\":1,\"name\":\"Portada\",\"item\":\"https:\\\/\\\/dev.maicrosoft.eu\\\/monteprincipe\\\/\"},{\"@type\":\"ListItem\",\"position\":2,\"name\":\"Contacto\"}]},{\"@type\":\"WebSite\",\"@id\":\"https:\\\/\\\/dev.maicrosoft.eu\\\/monteprincipe\\\/#website\",\"url\":\"https:\\\/\\\/dev.maicrosoft.eu\\\/monteprincipe\\\/\",\"name\":\"Campo de Golf Montepr\u00edncipe\",\"description\":\"Campo de Golf Montepr\u00edncipe\",\"publisher\":{\"@id\":\"https:\\\/\\\/dev.maicrosoft.eu\\\/monteprincipe\\\/#organization\"},\"potentialAction\":[{\"@type\":\"SearchAction\",\"target\":{\"@type\":\"EntryPoint\",\"urlTemplate\":\"https:\\\/\\\/dev.maicrosoft.eu\\\/monteprincipe\\\/?s={search_term_string}\"},\"query-input\":{\"@type\":\"PropertyValueSpecification\",\"valueRequired\":true,\"valueName\":\"search_term_string\"}}],\"inLanguage\":\"es\"},{\"@type\":\"Organization\",\"@id\":\"https:\\\/\\\/dev.maicrosoft.eu\\\/monteprincipe\\\/#organization\",\"name\":\"Campo de Golf Montepr\u00edncipe\",\"url\":\"https:\\\/\\\/dev.maicrosoft.eu\\\/monteprincipe\\\/\",\"logo\":{\"@type\":\"ImageObject\",\"inLanguage\":\"es\",\"@id\":\"https:\\\/\\\/dev.maicrosoft.eu\\\/monteprincipe\\\/#\\\/schema\\\/logo\\\/image\\\/\",\"url\":\"https:\\\/\\\/dev.maicrosoft.eu\\\/monteprincipe\\\/wp-content\\\/uploads\\\/2025\\\/02\\\/cropped-1-Logo_color_Monte_Principe.jpg\",\"contentUrl\":\"https:\\\/\\\/dev.maicrosoft.eu\\\/monteprincipe\\\/wp-content\\\/uploads\\\/2025\\\/02\\\/cropped-1-Logo_color_Monte_Principe.jpg\",\"width\":471,\"height\":113,\"caption\":\"Campo de Golf Montepr\u00edncipe\"},\"image\":{\"@id\":\"https:\\\/\\\/dev.maicrosoft.eu\\\/monteprincipe\\\/#\\\/schema\\\/logo\\\/image\\\/\"}}]}<\/script>\n<!-- \/ Yoast SEO plugin. -->","yoast_head_json":{"title":"Contacto - Campo de Golf Montepr\u00edncipe","robots":{"index":"noindex","follow":"follow","max-snippet":"max-snippet:-1","max-image-preview":"max-image-preview:large","max-video-preview":"max-video-preview:-1"},"og_locale":"es_ES","og_type":"article","og_title":"Contacto - Campo de Golf Montepr\u00edncipe","og_description":"Horario Lunes a viernes: 8:30 &#8211; 18:30 horasS\u00e1bados, domingos y festivos : 8:30 &#8211; 15 horas Localizaci\u00f3n Urb. Montepr\u00edncipeAv. de los Poetas, s\/n, 20506 Murcia Contacto Tel\u00e9fono: +34 968 124&hellip;","og_url":"https:\/\/dev.maicrosoft.eu\/monteprincipe\/contacto\/","og_site_name":"Campo de Golf Montepr\u00edncipe","article_modified_time":"2025-07-04T10:18:20+00:00","twitter_card":"summary_large_image","twitter_misc":{"Tiempo de lectura":"1 minuto"},"schema":{"@context":"https:\/\/schema.org","@graph":[{"@type":"WebPage","@id":"https:\/\/dev.maicrosoft.eu\/monteprincipe\/contacto\/","url":"https:\/\/dev.maicrosoft.eu\/monteprincipe\/contacto\/","name":"Contacto - Campo de Golf Montepr\u00edncipe","isPartOf":{"@id":"https:\/\/dev.maicrosoft.eu\/monteprincipe\/#website"},"datePublished":"2025-02-13T09:30:58+00:00","dateModified":"2025-07-04T10:18:20+00:00","breadcrumb":{"@id":"https:\/\/dev.maicrosoft.eu\/monteprincipe\/contacto\/#breadcrumb"},"inLanguage":"es","potentialAction":[{"@type":"ReadAction","target":["https:\/\/dev.maicrosoft.eu\/monteprincipe\/contacto\/"]}]},{"@type":"BreadcrumbList","@id":"https:\/\/dev.maicrosoft.eu\/monteprincipe\/contacto\/#breadcrumb","itemListElement":[{"@type":"ListItem","position":1,"name":"Portada","item":"https:\/\/dev.maicrosoft.eu\/monteprincipe\/"},{"@type":"ListItem","position":2,"name":"Contacto"}]},{"@type":"WebSite","@id":"https:\/\/dev.maicrosoft.eu\/monteprincipe\/#website","url":"https:\/\/dev.maicrosoft.eu\/monteprincipe\/","name":"Campo de Golf Montepr\u00edncipe","description":"Campo de Golf Montepr\u00edncipe","publisher":{"@id":"https:\/\/dev.maicrosoft.eu\/monteprincipe\/#organization"},"potentialAction":[{"@type":"SearchAction","target":{"@type":"EntryPoint","urlTemplate":"https:\/\/dev.maicrosoft.eu\/monteprincipe\/?s={search_term_string}"},"query-input":{"@type":"PropertyValueSpecification","valueRequired":true,"valueName":"search_term_string"}}],"inLanguage":"es"},{"@type":"Organization","@id":"https:\/\/dev.maicrosoft.eu\/monteprincipe\/#organization","name":"Campo de Golf Montepr\u00edncipe","url":"https:\/\/dev.maicrosoft.eu\/monteprincipe\/","logo":{"@type":"ImageObject","inLanguage":"es","@id":"https:\/\/dev.maicrosoft.eu\/monteprincipe\/#\/schema\/logo\/image\/","url":"https:\/\/dev.maicrosoft.eu\/monteprincipe\/wp-content\/uploads\/2025\/02\/cropped-1-Logo_color_Monte_Principe.jpg","contentUrl":"https:\/\/dev.maicrosoft.eu\/monteprincipe\/wp-content\/uploads\/2025\/02\/cropped-1-Logo_color_Monte_Principe.jpg","width":471,"height":113,"caption":"Campo de Golf Montepr\u00edncipe"},"image":{"@id":"https:\/\/dev.maicrosoft.eu\/monteprincipe\/#\/schema\/logo\/image\/"}}]}},"_links":{"self":[{"href":"https:\/\/dev.maicrosoft.eu\/monteprincipe\/wp-json\/wp\/v2\/pages\/22317","targetHints":{"allow":["GET"]}}],"collection":[{"href":"https:\/\/dev.maicrosoft.eu\/monteprincipe\/wp-json\/wp\/v2\/pages"}],"about":[{"href":"https:\/\/dev.maicrosoft.eu\/monteprincipe\/wp-json\/wp\/v2\/types\/page"}],"author":[{"embeddable":true,"href":"https:\/\/dev.maicrosoft.eu\/monteprincipe\/wp-json\/wp\/v2\/users\/1"}],"replies":[{"embeddable":true,"href":"https:\/\/dev.maicrosoft.eu\/monteprincipe\/wp-json\/wp\/v2\/comments?post=22317"}],"version-history":[{"count":49,"href":"https:\/\/dev.maicrosoft.eu\/monteprincipe\/wp-json\/wp\/v2\/pages\/22317\/revisions"}],"predecessor-version":[{"id":24070,"href":"https:\/\/dev.maicrosoft.eu\/monteprincipe\/wp-json\/wp\/v2\/pages\/22317\/revisions\/24070"}],"wp:attachment":[{"href":"https:\/\/dev.maicrosoft.eu\/monteprincipe\/wp-json\/wp\/v2\/media?parent=22317"}],"curies":[{"name":"wp","href":"https:\/\/api.w.org\/{rel}","templated":true}]}}