{"id":22299,"date":"2025-02-13T10:18:15","date_gmt":"2025-02-13T09:18:15","guid":{"rendered":"https:\/\/dev.maicrosoft.eu\/monteprincipe\/?page_id=22299"},"modified":"2025-07-01T16:22:38","modified_gmt":"2025-07-01T14:22:38","slug":"slope-del-campo","status":"publish","type":"page","link":"https:\/\/dev.maicrosoft.eu\/monteprincipe\/slope-del-campo\/","title":{"rendered":"Slope del campo"},"content":{"rendered":"\t\t<div data-elementor-type=\"wp-page\" data-elementor-id=\"22299\" class=\"elementor elementor-22299\">\n\t\t\t\t\t\t<section class=\"elementor-section elementor-top-section elementor-element elementor-element-44a3d2e elementor-section-boxed elementor-section-height-default elementor-section-height-default sc_fly_static\" data-id=\"44a3d2e\" data-element_type=\"section\">\n\t\t\t\t\t\t<div class=\"elementor-container elementor-column-gap-extended\">\n\t\t\t\t\t<div class=\"elementor-column elementor-col-100 elementor-top-column elementor-element elementor-element-4d11b73 sc_content_align_inherit sc_layouts_column_icons_position_left sc_fly_static\" data-id=\"4d11b73\" data-element_type=\"column\">\n\t\t\t<div class=\"elementor-widget-wrap elementor-element-populated\">\n\t\t\t\t\t\t<div class=\"elementor-element elementor-element-a8767b4 sc_fly_static elementor-widget elementor-widget-heading\" data-id=\"a8767b4\" data-element_type=\"widget\" data-widget_type=\"heading.default\">\n\t\t\t\t<div class=\"elementor-widget-container\">\n\t\t\t\t\t<h1 class=\"elementor-heading-title elementor-size-default\">Slope del campo<\/h1>\t\t\t\t<\/div>\n\t\t\t\t<\/div>\n\t\t\t\t<div class=\"elementor-element elementor-element-6f4e771 elementor-view-default sc_fly_static elementor-widget elementor-widget-icon\" data-id=\"6f4e771\" data-element_type=\"widget\" data-widget_type=\"icon.default\">\n\t\t\t\t<div class=\"elementor-widget-container\">\n\t\t\t\t\t\t\t<div class=\"elementor-icon-wrapper\">\n\t\t\t<div class=\"elementor-icon\">\n\t\t\t<svg xmlns=\"http:\/\/www.w3.org\/2000\/svg\" width=\"14.626\" height=\"8.639\" viewBox=\"0 0 14.626 8.639\"><g id=\"down-arrow\" transform=\"translate(0 -112.698)\"><g id=\"&#x421;&#x433;&#x440;&#x443;&#x43F;&#x43F;&#x438;&#x440;&#x43E;&#x432;&#x430;&#x442;&#x44C;_8820\" data-name=\"&#x421;&#x433;&#x440;&#x443;&#x43F;&#x43F;&#x438;&#x440;&#x43E;&#x432;&#x430;&#x442;&#x44C; 8820\" transform=\"translate(0 100.698)\"><path id=\"&#x41A;&#x43E;&#x43D;&#x442;&#x443;&#x440;_6507\" data-name=\"&#x41A;&#x43E;&#x43D;&#x442;&#x443;&#x440; 6507\" d=\"M14.392,101.42l-.479-.482a.8.8,0,0,0-1.132,0L7.316,106.4l-5.472-5.472a.8.8,0,0,0-1.132,0l-.479.479a.8.8,0,0,0,0,1.131l6.515,6.538a.818.818,0,0,0,.567.257h0a.818.818,0,0,0,.566-.257l6.508-6.52a.808.808,0,0,0,.234-.571A.8.8,0,0,0,14.392,101.42Z\" transform=\"translate(0 -88.698)\"><\/path><\/g><\/g><\/svg>\t\t\t<\/div>\n\t\t<\/div>\n\t\t\t\t\t\t<\/div>\n\t\t\t\t<\/div>\n\t\t\t\t\t<\/div>\n\t\t<\/div>\n\t\t\t\t\t<\/div>\n\t\t<\/section>\n\t\t\t\t<section class=\"elementor-section elementor-top-section elementor-element elementor-element-2f50c91 elementor-section-boxed elementor-section-height-default elementor-section-height-default sc_fly_static\" data-id=\"2f50c91\" data-element_type=\"section\">\n\t\t\t\t\t\t<div class=\"elementor-container elementor-column-gap-extended\">\n\t\t\t\t\t<div class=\"elementor-column elementor-col-100 elementor-top-column elementor-element elementor-element-1f8b868 sc_content_align_inherit sc_layouts_column_icons_position_left sc_fly_static\" data-id=\"1f8b868\" data-element_type=\"column\">\n\t\t\t<div class=\"elementor-widget-wrap elementor-element-populated\">\n\t\t\t\t\t\t<div class=\"elementor-element elementor-element-dce6695 sc_fly_static elementor-widget elementor-widget-text-editor\" data-id=\"dce6695\" data-element_type=\"widget\" data-widget_type=\"text-editor.default\">\n\t\t\t\t<div class=\"elementor-widget-container\">\n\t\t\t\t\t\t\t\t\t<p style=\"text-align: center;\">Consulta el slope de MontePr\u00edncipe con la tabla de equivalencias dependiendo del h\u00e1ndicap.<\/p>\t\t\t\t\t\t\t\t<\/div>\n\t\t\t\t<\/div>\n\t\t\t\t<div class=\"elementor-element elementor-element-9398950 sc_fly_static elementor-widget elementor-widget-trx_sc_button\" data-id=\"9398950\" data-element_type=\"widget\" data-widget_type=\"trx_sc_button.default\">\n\t\t\t\t<div class=\"elementor-widget-container\">\n\t\t\t\t\t<div\tclass=\"sc_item_button sc_button_wrap sc_align_center\" ><a href=\"https:\/\/golfmonteprincipe.com\/wp-content\/uploads\/2021\/08\/SLOP_MONTEPRINCIPE_MURCIA.pdf\" class=\"sc_button sc_button_veil sc_button_size_normal sc_button_icon_left color_style_dark\" ><span class=\"sc_button_text\"><span class=\"sc_button_title\">SLOPE MONTEPR\u00cdNCIPE MURCIA<\/span><\/span><\/a><\/div>\t\t\t\t<\/div>\n\t\t\t\t<\/div>\n\t\t\t\t\t<\/div>\n\t\t<\/div>\n\t\t\t\t\t<\/div>\n\t\t<\/section>\n\t\t\t\t<\/div>\n\t\t","protected":false},"excerpt":{"rendered":"<p>Slope del campo Consulta el slope de MontePr\u00edncipe con la tabla de equivalencias dependiendo del h\u00e1ndicap. SLOPE MONTEPR\u00cdNCIPE MURCIA<\/p>\n","protected":false},"author":1,"featured_media":0,"parent":0,"menu_order":0,"comment_status":"closed","ping_status":"closed","template":"","meta":{"footnotes":""},"class_list":["post-22299","page","type-page","status-publish","hentry"],"yoast_head":"<!-- This site is optimized with the Yoast SEO plugin v27.4 - https:\/\/yoast.com\/product\/yoast-seo-wordpress\/ -->\n<title>Slope del campo - Campo de Golf Montepr\u00edncipe<\/title>\n<meta name=\"robots\" content=\"noindex, follow, max-snippet:-1, max-image-preview:large, max-video-preview:-1\" \/>\n<meta property=\"og:locale\" content=\"es_ES\" \/>\n<meta property=\"og:type\" content=\"article\" \/>\n<meta property=\"og:title\" content=\"Slope del campo - Campo de Golf Montepr\u00edncipe\" \/>\n<meta property=\"og:description\" content=\"Slope del campo Consulta el slope de MontePr\u00edncipe con la tabla de equivalencias dependiendo del h\u00e1ndicap. SLOPE MONTEPR\u00cdNCIPE MURCIA\" \/>\n<meta property=\"og:url\" content=\"https:\/\/dev.maicrosoft.eu\/monteprincipe\/slope-del-campo\/\" \/>\n<meta property=\"og:site_name\" content=\"Campo de Golf Montepr\u00edncipe\" \/>\n<meta property=\"article:modified_time\" content=\"2025-07-01T14:22:38+00:00\" \/>\n<meta name=\"twitter:card\" content=\"summary_large_image\" \/>\n<meta name=\"twitter:label1\" content=\"Tiempo de lectura\" \/>\n\t<meta name=\"twitter:data1\" content=\"1 minuto\" \/>\n<script type=\"application\/ld+json\" class=\"yoast-schema-graph\">{\"@context\":\"https:\\\/\\\/schema.org\",\"@graph\":[{\"@type\":\"WebPage\",\"@id\":\"https:\\\/\\\/dev.maicrosoft.eu\\\/monteprincipe\\\/slope-del-campo\\\/\",\"url\":\"https:\\\/\\\/dev.maicrosoft.eu\\\/monteprincipe\\\/slope-del-campo\\\/\",\"name\":\"Slope del campo - Campo de Golf Montepr\u00edncipe\",\"isPartOf\":{\"@id\":\"https:\\\/\\\/dev.maicrosoft.eu\\\/monteprincipe\\\/#website\"},\"datePublished\":\"2025-02-13T09:18:15+00:00\",\"dateModified\":\"2025-07-01T14:22:38+00:00\",\"breadcrumb\":{\"@id\":\"https:\\\/\\\/dev.maicrosoft.eu\\\/monteprincipe\\\/slope-del-campo\\\/#breadcrumb\"},\"inLanguage\":\"es\",\"potentialAction\":[{\"@type\":\"ReadAction\",\"target\":[\"https:\\\/\\\/dev.maicrosoft.eu\\\/monteprincipe\\\/slope-del-campo\\\/\"]}]},{\"@type\":\"BreadcrumbList\",\"@id\":\"https:\\\/\\\/dev.maicrosoft.eu\\\/monteprincipe\\\/slope-del-campo\\\/#breadcrumb\",\"itemListElement\":[{\"@type\":\"ListItem\",\"position\":1,\"name\":\"Portada\",\"item\":\"https:\\\/\\\/dev.maicrosoft.eu\\\/monteprincipe\\\/\"},{\"@type\":\"ListItem\",\"position\":2,\"name\":\"Slope del campo\"}]},{\"@type\":\"WebSite\",\"@id\":\"https:\\\/\\\/dev.maicrosoft.eu\\\/monteprincipe\\\/#website\",\"url\":\"https:\\\/\\\/dev.maicrosoft.eu\\\/monteprincipe\\\/\",\"name\":\"Campo de Golf Montepr\u00edncipe\",\"description\":\"Campo de Golf Montepr\u00edncipe\",\"publisher\":{\"@id\":\"https:\\\/\\\/dev.maicrosoft.eu\\\/monteprincipe\\\/#organization\"},\"potentialAction\":[{\"@type\":\"SearchAction\",\"target\":{\"@type\":\"EntryPoint\",\"urlTemplate\":\"https:\\\/\\\/dev.maicrosoft.eu\\\/monteprincipe\\\/?s={search_term_string}\"},\"query-input\":{\"@type\":\"PropertyValueSpecification\",\"valueRequired\":true,\"valueName\":\"search_term_string\"}}],\"inLanguage\":\"es\"},{\"@type\":\"Organization\",\"@id\":\"https:\\\/\\\/dev.maicrosoft.eu\\\/monteprincipe\\\/#organization\",\"name\":\"Campo de Golf Montepr\u00edncipe\",\"url\":\"https:\\\/\\\/dev.maicrosoft.eu\\\/monteprincipe\\\/\",\"logo\":{\"@type\":\"ImageObject\",\"inLanguage\":\"es\",\"@id\":\"https:\\\/\\\/dev.maicrosoft.eu\\\/monteprincipe\\\/#\\\/schema\\\/logo\\\/image\\\/\",\"url\":\"https:\\\/\\\/dev.maicrosoft.eu\\\/monteprincipe\\\/wp-content\\\/uploads\\\/2025\\\/02\\\/cropped-1-Logo_color_Monte_Principe.jpg\",\"contentUrl\":\"https:\\\/\\\/dev.maicrosoft.eu\\\/monteprincipe\\\/wp-content\\\/uploads\\\/2025\\\/02\\\/cropped-1-Logo_color_Monte_Principe.jpg\",\"width\":471,\"height\":113,\"caption\":\"Campo de Golf Montepr\u00edncipe\"},\"image\":{\"@id\":\"https:\\\/\\\/dev.maicrosoft.eu\\\/monteprincipe\\\/#\\\/schema\\\/logo\\\/image\\\/\"}}]}<\/script>\n<!-- \/ Yoast SEO plugin. -->","yoast_head_json":{"title":"Slope del campo - Campo de Golf Montepr\u00edncipe","robots":{"index":"noindex","follow":"follow","max-snippet":"max-snippet:-1","max-image-preview":"max-image-preview:large","max-video-preview":"max-video-preview:-1"},"og_locale":"es_ES","og_type":"article","og_title":"Slope del campo - Campo de Golf Montepr\u00edncipe","og_description":"Slope del campo Consulta el slope de MontePr\u00edncipe con la tabla de equivalencias dependiendo del h\u00e1ndicap. SLOPE MONTEPR\u00cdNCIPE MURCIA","og_url":"https:\/\/dev.maicrosoft.eu\/monteprincipe\/slope-del-campo\/","og_site_name":"Campo de Golf Montepr\u00edncipe","article_modified_time":"2025-07-01T14:22:38+00:00","twitter_card":"summary_large_image","twitter_misc":{"Tiempo de lectura":"1 minuto"},"schema":{"@context":"https:\/\/schema.org","@graph":[{"@type":"WebPage","@id":"https:\/\/dev.maicrosoft.eu\/monteprincipe\/slope-del-campo\/","url":"https:\/\/dev.maicrosoft.eu\/monteprincipe\/slope-del-campo\/","name":"Slope del campo - Campo de Golf Montepr\u00edncipe","isPartOf":{"@id":"https:\/\/dev.maicrosoft.eu\/monteprincipe\/#website"},"datePublished":"2025-02-13T09:18:15+00:00","dateModified":"2025-07-01T14:22:38+00:00","breadcrumb":{"@id":"https:\/\/dev.maicrosoft.eu\/monteprincipe\/slope-del-campo\/#breadcrumb"},"inLanguage":"es","potentialAction":[{"@type":"ReadAction","target":["https:\/\/dev.maicrosoft.eu\/monteprincipe\/slope-del-campo\/"]}]},{"@type":"BreadcrumbList","@id":"https:\/\/dev.maicrosoft.eu\/monteprincipe\/slope-del-campo\/#breadcrumb","itemListElement":[{"@type":"ListItem","position":1,"name":"Portada","item":"https:\/\/dev.maicrosoft.eu\/monteprincipe\/"},{"@type":"ListItem","position":2,"name":"Slope del campo"}]},{"@type":"WebSite","@id":"https:\/\/dev.maicrosoft.eu\/monteprincipe\/#website","url":"https:\/\/dev.maicrosoft.eu\/monteprincipe\/","name":"Campo de Golf Montepr\u00edncipe","description":"Campo de Golf Montepr\u00edncipe","publisher":{"@id":"https:\/\/dev.maicrosoft.eu\/monteprincipe\/#organization"},"potentialAction":[{"@type":"SearchAction","target":{"@type":"EntryPoint","urlTemplate":"https:\/\/dev.maicrosoft.eu\/monteprincipe\/?s={search_term_string}"},"query-input":{"@type":"PropertyValueSpecification","valueRequired":true,"valueName":"search_term_string"}}],"inLanguage":"es"},{"@type":"Organization","@id":"https:\/\/dev.maicrosoft.eu\/monteprincipe\/#organization","name":"Campo de Golf Montepr\u00edncipe","url":"https:\/\/dev.maicrosoft.eu\/monteprincipe\/","logo":{"@type":"ImageObject","inLanguage":"es","@id":"https:\/\/dev.maicrosoft.eu\/monteprincipe\/#\/schema\/logo\/image\/","url":"https:\/\/dev.maicrosoft.eu\/monteprincipe\/wp-content\/uploads\/2025\/02\/cropped-1-Logo_color_Monte_Principe.jpg","contentUrl":"https:\/\/dev.maicrosoft.eu\/monteprincipe\/wp-content\/uploads\/2025\/02\/cropped-1-Logo_color_Monte_Principe.jpg","width":471,"height":113,"caption":"Campo de Golf Montepr\u00edncipe"},"image":{"@id":"https:\/\/dev.maicrosoft.eu\/monteprincipe\/#\/schema\/logo\/image\/"}}]}},"_links":{"self":[{"href":"https:\/\/dev.maicrosoft.eu\/monteprincipe\/wp-json\/wp\/v2\/pages\/22299","targetHints":{"allow":["GET"]}}],"collection":[{"href":"https:\/\/dev.maicrosoft.eu\/monteprincipe\/wp-json\/wp\/v2\/pages"}],"about":[{"href":"https:\/\/dev.maicrosoft.eu\/monteprincipe\/wp-json\/wp\/v2\/types\/page"}],"author":[{"embeddable":true,"href":"https:\/\/dev.maicrosoft.eu\/monteprincipe\/wp-json\/wp\/v2\/users\/1"}],"replies":[{"embeddable":true,"href":"https:\/\/dev.maicrosoft.eu\/monteprincipe\/wp-json\/wp\/v2\/comments?post=22299"}],"version-history":[{"count":25,"href":"https:\/\/dev.maicrosoft.eu\/monteprincipe\/wp-json\/wp\/v2\/pages\/22299\/revisions"}],"predecessor-version":[{"id":24018,"href":"https:\/\/dev.maicrosoft.eu\/monteprincipe\/wp-json\/wp\/v2\/pages\/22299\/revisions\/24018"}],"wp:attachment":[{"href":"https:\/\/dev.maicrosoft.eu\/monteprincipe\/wp-json\/wp\/v2\/media?parent=22299"}],"curies":[{"name":"wp","href":"https:\/\/api.w.org\/{rel}","templated":true}]}}